{"id":106,"date":"2013-11-22T12:05:53","date_gmt":"2013-11-22T12:05:53","guid":{"rendered":"http:\/\/sodrastation.josefsahlin.se\/?page_id=4"},"modified":"2026-02-04T18:19:47","modified_gmt":"2026-02-04T18:19:47","slug":"om-oss","status":"publish","type":"page","link":"https:\/\/sodrastation.org\/?page_id=106","title":{"rendered":"Kollektivhuset i kvarteret M\u00e5ttbandet p\u00e5 S\u00f6dermalm"},"content":{"rendered":"\n<p>Kollektivhuset S\u00f6dra Station ligger p\u00e5 S\u00f6dermalm i Stockholm och byggdes 1987 av Svenska Bost\u00e4der. I fastigheten finns 63 l\u00e4genheter och h\u00e4r bor folk i alla \u00e5ldrar.<\/p>\n\n\n\n<p>Kollektivhus \u00e4r ett boende som f\u00f6renklar vardagslivet och d\u00e4r man l\u00e4r k\u00e4nna sina grannar. Dessutom skapar de gemensamma aktiviteterna som matlagning ett klimatsmart och ekonomiskt boende.<\/p>\n\n\n\n<p>L\u00e4genheterna i kollektivhuset \u00e4r precis som vanliga l\u00e4genheter men i huset finns dessutom flera gemensamma lokaler: k\u00f6k, matsal, snickarrum, m\u00e5larrum, kuddrum f\u00f6r barnen, bibliotek, g\u00e4stl\u00e4genhet och ett musikrum.<\/p>\n\n\n\n<p>I huset finns alla \u00e5ldrar och speciellt de mindre barnen gillar att leka tillsammans i kuddrummet, de st\u00f6rre kanske spelar pingis i kaf\u00e9t.<\/p>\n\n\n\n<p>V\u00e5ren 2010 ombildades fastigheten till bostadsr\u00e4tter och kollektivhuset M\u00e5ttbandet 2 ing\u00e5r nu i bostadsr\u00e4ttsf\u00f6reningen M\u00e5ttbandet.<\/p>\n\n\n\n<h2 class=\"wp-block-heading\">Gemensamma middagar<\/h2>\n\n\n\n<p>K\u00f6ket och matsalen \u00e4r hj\u00e4rtat i verksamheten och grunden \u00e4r att de vuxna i f\u00f6reningen ing\u00e5r i ett matlag med arbetspass var fj\u00e4rde vecka. Matlagen serverar mat m\u00e5ndag\u2013torsdag under terminerna. Varje m\u00e5ltid \u00e4r till sj\u00e4lvkostnadspris.<\/p>\n\n\n\n<p>Ibland har vi lite festligare fredags- eller l\u00f6rdagsmiddagar och p\u00e5 helgerna \u00e4r det m\u00e5nga medlemmar i kollektivhusf\u00f6reningen som bokar matsalen f\u00f6r privata tillst\u00e4llningar.<\/p>\n\n\n\n<h2 class=\"wp-block-heading\">\u00d6vriga aktiviteter<\/h2>\n\n\n\n<p>Andra aktiviteter som vi medlemmar ordnar \u00e4r quizz, pubkv\u00e4llar med husbandet,  luciafirande och ny\u00e5rsfest osv. Tv\u00e5 g\u00e5nger om \u00e5ret hj\u00e4lps vi \u00e5t att st\u00e4da gemensamma utrymmen. St\u00e4ddagen inleds med gemensam frukost brukar avslutas med en korvgrillning.<\/p>\n\n\n\n<h2 class=\"wp-block-heading\">Medlemskap<\/h2>\n\n\n\n<p>Alla som bor i <a href=\"http:\/\/mattbandet.se\/kollektivhusforeningen\/\">Brf M\u00e5ttbandet<\/a> har m\u00f6jlighet att bli medlemmar i kollektivhusf\u00f6reningen och betala en medlemsavgift p\u00e5 250 kronor per \u00e5r.<\/p>\n\n\n\n<h2 class=\"wp-block-heading\">Om f\u00f6reningen<\/h2>\n\n\n\n<p>Kollektivhusf\u00f6reningen \u00e4r en sj\u00e4lvst\u00e4ndig f\u00f6rening d\u00e4r f\u00f6reningsm\u00f6ten och \u00e5rsm\u00f6ten beslutar hur de gemensamma verksamheterna ska organiseras.<\/p>\n\n\n\n<p>I dag deltar vuxna medlemmar (\u00f6ver 21 \u00e5r) med cirka fem timmars arbete per m\u00e5nad f\u00f6r att h\u00e5lla gemensamma lokaler rena, samt tillhandah\u00e5lla middagar m\u00e5ndag till torsdag under skolterminerna.<\/p>\n\n\n\n<p>Kollektivhuset S\u00f6dra Station \u00e4r medlem i riksorganisationen Kollektivhus NU: <a href=\"http:\/\/kollektivhus.se\/\">kollektivhus.se<\/a>&nbsp;<\/p>\n\n\n\n<h2 class=\"wp-block-heading\">Vill du veta mer?<\/h2>\n\n\n\n<p><\/p>\n\n\n\n<p>Styrelsen n\u00e5s p\u00e5 mejlen <a href=\"mailto:kollektivhusetsodrastation@gmail.com\">kollektivhusetsodrastation@gmail.com<\/a><\/p>\n\n\n\n<p>Den som vill f\u00e5 information om n\u00e4r en l\u00e4genhet \u00e4r till salu eller bli inbjuden till n\u00e4sta \u00f6ppet hus kan anm\u00e4la sig till <a href=\"mailto:sofia.rickberg@gmail.com\">sofia.rickberg@gmail.com<\/a>&nbsp;<\/p>\n\n\n\n<p><\/p>\n","protected":false},"excerpt":{"rendered":"<p>Kollektivhuset S\u00f6dra Station ligger p\u00e5 S\u00f6dermalm i Stockholm och byggdes 1987 av Svenska Bost\u00e4der. I fastigheten finns 63 l\u00e4genheter och h\u00e4r bor folk i alla \u00e5ldrar. Kollektivhus \u00e4r ett boende som f\u00f6renklar vardagslivet och d\u00e4r man l\u00e4r k\u00e4nna sina grannar. Dessutom skapar de gemensamma aktiviteterna som matlagning ett klimatsmart och ekonomiskt boende. L\u00e4genheterna i kollektivhuset &hellip; <\/p>\n<p class=\"link-more\"><a href=\"https:\/\/sodrastation.org\/?page_id=106\" class=\"more-link\">Forts\u00e4tt l\u00e4sa<span class=\"screen-reader-text\"> \u201dKollektivhuset i kvarteret M\u00e5ttbandet p\u00e5 S\u00f6dermalm\u201d<\/span><\/a><\/p>\n","protected":false},"author":1,"featured_media":0,"parent":0,"menu_order":0,"comment_status":"closed","ping_status":"closed","template":"","meta":{"jetpack_post_was_ever_published":false,"footnotes":""},"class_list":["post-106","page","type-page","status-publish","hentry"],"jetpack_shortlink":"https:\/\/wp.me\/P4aZOx-1I","jetpack_sharing_enabled":true,"_links":{"self":[{"href":"https:\/\/sodrastation.org\/index.php?rest_route=\/wp\/v2\/pages\/106","targetHints":{"allow":["GET"]}}],"collection":[{"href":"https:\/\/sodrastation.org\/index.php?rest_route=\/wp\/v2\/pages"}],"about":[{"href":"https:\/\/sodrastation.org\/index.php?rest_route=\/wp\/v2\/types\/page"}],"author":[{"embeddable":true,"href":"https:\/\/sodrastation.org\/index.php?rest_route=\/wp\/v2\/users\/1"}],"replies":[{"embeddable":true,"href":"https:\/\/sodrastation.org\/index.php?rest_route=%2Fwp%2Fv2%2Fcomments&post=106"}],"version-history":[{"count":16,"href":"https:\/\/sodrastation.org\/index.php?rest_route=\/wp\/v2\/pages\/106\/revisions"}],"predecessor-version":[{"id":1365,"href":"https:\/\/sodrastation.org\/index.php?rest_route=\/wp\/v2\/pages\/106\/revisions\/1365"}],"wp:attachment":[{"href":"https:\/\/sodrastation.org\/index.php?rest_route=%2Fwp%2Fv2%2Fmedia&parent=106"}],"curies":[{"name":"wp","href":"https:\/\/api.w.org\/{rel}","templated":true}]}}