{"id":14,"date":"2013-11-22T12:11:53","date_gmt":"2013-11-22T12:11:53","guid":{"rendered":"http:\/\/sodrastation.josefsahlin.se\/?page_id=14"},"modified":"2021-05-11T19:29:14","modified_gmt":"2021-05-11T19:29:14","slug":"stadgar-och-protokoll","status":"publish","type":"page","link":"https:\/\/sodrastation.org\/?page_id=14","title":{"rendered":"Stadgar f\u00f6r Kollektivhusf\u00f6reningen S\u00f6dra Station"},"content":{"rendered":"<p><a href=\"https:\/\/sodrastation.org\/wp-content\/uploads\/2021\/05\/Stadgar-Kollektivhusforeningen-Sodra-station-antagna-210328.docx-1.pdf\">Klicka h\u00e4r f\u00f6r att l\u00e4sa stadgarna som pdf<\/a>.<\/p>\n\n\n<p><em>Antagna p\u00e5 husm\u00f6tet 201122 och p\u00e5 \u00e5rsm\u00f6tet 210328<\/em><\/p>\n\n\n\n<h3 class=\"wp-block-heading\">\u00a7 1 Firma&nbsp;<\/h3>\n\n\n\n<p>F\u00f6reningens firma \u00e4r Kollektivhusf\u00f6reningen S\u00f6dra Station.&nbsp;<\/p>\n\n\n\n<h3 class=\"wp-block-heading\">\u00a7 2. \u00c4ndam\u00e5l&nbsp;<\/h3>\n\n\n\n<p>Kollektivhusf\u00f6reningens \u00e4ndam\u00e5l \u00e4r att p\u00e5 boende- och arbetsgemenskapens grund skapa en god boendemilj\u00f6, fr\u00e4mja gemensamma aktiviteter som gemensam matlagning och gemensamma m\u00e5ltider f\u00f6r medlemmarna i kollektivhusf\u00f6reningen och svara f\u00f6r verksamheten i kollektivhusets gemensamhetslokaler. F\u00f6reningen \u00e4r ideell samt partipolitiskt och religi\u00f6st obunden.&nbsp;<\/p>\n\n\n\n<h3 class=\"wp-block-heading\">\u00a7 3 Medlemskap<\/h3>\n\n\n\n<p>Medlemskapet \u00e4r individuellt. Styrelsen fattar beslut om medlemskap. Boende, hemmavarande barn som \u00e4r \u00f6ver 21 \u00e5r och inneboende i Brf M\u00e5ttbandet \u00e4r v\u00e4lkomna att ans\u00f6ka om medlemskap i kollektivhusf\u00f6reningen. Dessa medlemmar f\u00e5r tillg\u00e5ng till kollektivhusets gemensamhetslokaler och ska medverka i underh\u00e5llet av dessa. Styrelsen kan \u00e4ven v\u00e4lkomna externa medlemmar i matlagsverksamheten. Dessa externa medlemmar i matlag har yttrander\u00e4tt men ej r\u00f6str\u00e4tt p\u00e5 f\u00f6reningsm\u00f6ten och har inte egen tillg\u00e5ng till gemensamhetslokalerna.<\/p>\n\n\n\n<h3 class=\"wp-block-heading\">\u00a7 4 Verksamhet&nbsp;<\/h3>\n\n\n\n<p>Verksamhets\u00e5r \u00e4r kalender\u00e5r. Arbetet i kollektivhusf\u00f6reningen f\u00f6rdelas p\u00e5 arbetsgrupper eller enskilda medlemmar. Vid f\u00f6rdelning av arbetsuppgifter ska h\u00e4nsyn tas till vars och ens m\u00f6jligheter, intresse och f\u00f6rm\u00e5ga. Verksamheten ska l\u00f6pande redovisas f\u00f6r f\u00f6reningsm\u00f6tet.<\/p>\n\n\n\n<h3 class=\"wp-block-heading\">\u00a7 5 Ekonomi&nbsp;<\/h3>\n\n\n\n<p>Medlemmarna betalar medlemsavgift till kollektivhusf\u00f6reningen samt eventuell avgift f\u00f6r s\u00e4rskild verksamhet. Medlemsavgiften ska vara betald innevarande \u00e5r f\u00f6re \u00e5rsm\u00f6tet. Medlemsavgiftens storlek best\u00e4ms av \u00e5rsm\u00f6tet. \u00d6verskott fr\u00e5n en verksamhet inom kollektivhusf\u00f6reningen kan \u00f6verf\u00f6ras till annan verksamhet inom f\u00f6reningen.&nbsp;<\/p>\n\n\n\n<h3 class=\"wp-block-heading\">\u00a7 6 F\u00f6reningsm\u00f6te&nbsp;<\/h3>\n\n\n\n<p>Kollektivhusf\u00f6reningens h\u00f6gsta beslutande organ \u00e4r f\u00f6reningsm\u00f6tet. F\u00f6reningsm\u00f6te ska h\u00e5llas minst tre&nbsp; g\u00e5nger per \u00e5r, varav ett \u00e4r \u00e5rsm\u00f6te. F\u00f6reningsm\u00f6te ska \u00e4ven h\u00e5llas d\u00e5 minst 10 av medlemmarna s\u00e5 kr\u00e4ver. F\u00f6reningens styrelse ska kalla till f\u00f6reningsm\u00f6te genom anslag med prelimin\u00e4r dagordning senast 10 dagar f\u00f6re m\u00f6tet. Endast medlemmar som betalat medlemsavgift har r\u00f6str\u00e4tt p\u00e5 f\u00f6reningsm\u00f6tet. R\u00f6stning kan ej ske genom ombud. Beslut fattas med enkel majoritet. Vid lika r\u00f6stetal ska i f\u00f6rsta hand fr\u00e5gan h\u00e4nskjutas till nytt f\u00f6reningsm\u00f6te och i andra hand avg\u00f6ras genom lottning. F\u00f6reningsm\u00f6tet \u00e4r beslutsm\u00e4ssigt vid minst 15 n\u00e4rvarande medlemmar med r\u00f6str\u00e4tt. Beslut f\u00e5r bara fattas i fr\u00e5gor som tas upp p\u00e5 dagordningen.&nbsp;<\/p>\n\n\n\n<h3 class=\"wp-block-heading\">\u00a7 7 \u00c5rsm\u00f6te&nbsp;<\/h3>\n\n\n\n<p>Senast den sista mars varje \u00e5r ska \u00e5rsm\u00f6te h\u00e5llas. F\u00f6reningens styrelse kallar till \u00e5rsm\u00f6tet genom skriftlig kallelse till medlemmarna senast fyra veckor f\u00f6re m\u00f6tet. Kallelsen ska inneh\u00e5lla tid och plats f\u00f6r m\u00f6tet och prelimin\u00e4rt f\u00f6rslag till dagordning. Senast en vecka f\u00f6re m\u00f6tet ska slutgiltigt f\u00f6rslag till dagordning, styrelsens och \u00f6vriga arbetsgruppers \u00e5rsber\u00e4ttelse samt revisionsber\u00e4ttelsen delges medlemmarna.<\/p>\n\n\n\n<p>Vid \u00e5rsm\u00f6tet ska f\u00f6ljande avhandlas:<\/p>\n\n\n\n<ol class=\"wp-block-list\"><li>Val av m\u00f6tets ordf\u00f6rande<\/li><li>Val av sekreterare och tv\u00e5 justeringsm\u00e4n<\/li><li>Fr\u00e5ga om godk\u00e4nnande av kallelsen och dagordning<\/li><li>Styrelsens och \u00f6vriga arbetsgruppers \u00e5rsber\u00e4ttelser<\/li><li>Genomg\u00e5ng av resultat och balansr\u00e4kning<\/li><li>Revisorernas ber\u00e4ttelse<\/li><li>Fr\u00e5ga om styrelsens och \u00f6vriga arbetsgruppers ansvarsfrihet<\/li><li>Fr\u00e5ga om medlemsavgifter<\/li><li>Val av styrelsens ordf\u00f6rande, kass\u00f6r och \u00f6vriga styrelseledam\u00f6ter<\/li><li>Val av revisorer<\/li><li>Val av valberedning<\/li><li>\u00d6vriga \u00e4renden<\/li><\/ol>\n\n\n\n<p>\u00c4renden till punkten 12, \u00d6vriga \u00e4renden, ska anm\u00e4las till styrelsen senast tv\u00e5 veckor f\u00f6re \u00e5rsm\u00f6tet.&nbsp;<\/p>\n\n\n\n<h3 class=\"wp-block-heading\">\u00a7 8 Styrelse&nbsp;<\/h3>\n\n\n\n<p>Styrelsen ska samordna verksamheten och sk\u00f6ta de l\u00f6pande \u00e4rendena och ansvara f\u00f6r den verksamhet som f\u00f6reningsm\u00f6tet inte delegerat till annan arbetsgrupp. Styrelsen ska till f\u00f6reningsm\u00f6tet h\u00e4nskjuta fr\u00e5ga av v\u00e4sentlig betydelse f\u00f6r verksamheten. Styrelsen best\u00e5r av minst fem ledam\u00f6ter. Vid \u00e5rsm\u00f6te utses ordf\u00f6rande samt kass\u00f6r. \u00d6vriga funktion\u00e4rer utses inom styrelsen. Styrelsen \u00e4r beslutsm\u00e4ssig d\u00e5 minst h\u00e4lften av ledam\u00f6terna \u00e4r n\u00e4rvarande. F\u00f6reningsm\u00f6te kan vid behov g\u00f6ra fyllnadsval.&nbsp;<\/p>\n\n\n\n<h3 class=\"wp-block-heading\">\u00a7 9 Valberedning&nbsp;<\/h3>\n\n\n\n<p>Valberedningen ska best\u00e5 av minst tre medlemmar vilka till \u00e5rsm\u00f6tet l\u00e4mnar f\u00f6rslag till val av styrelsens ordf\u00f6rande, kass\u00f6r, \u00f6vriga ledam\u00f6ter samt tv\u00e5 revisorer.&nbsp;<\/p>\n\n\n\n<h3 class=\"wp-block-heading\">\u00a7 10 Firmatecknare&nbsp;<\/h3>\n\n\n\n<p>F\u00f6reningens firma tecknas av styrelseordf\u00f6rande och kass\u00f6r i f\u00f6rening.&nbsp;<\/p>\n\n\n\n<h3 class=\"wp-block-heading\">\u00a7 11 Revisorer&nbsp;<\/h3>\n\n\n\n<p>Av de tv\u00e5 revisorerna ska minst en vara medlem i f\u00f6reningen. Revisorerna ska granska styrelsens och arbetsgruppernas f\u00f6rvaltning.&nbsp;<\/p>\n\n\n\n<p>Styrelsen och \u00f6vriga arbetsgrupper ska varje \u00e5r, senast fyra veckor f\u00f6re \u00e5rsm\u00f6tet, till revisorerna f\u00f6r granskning \u00f6verl\u00e4mna \u00e5rsber\u00e4ttelse inneh\u00e5llande f\u00f6rvaltningsber\u00e4ttelse, resultat- och balansr\u00e4kningar samt \u00f6vriga f\u00f6r verksamhetens bed\u00f6mande n\u00f6dv\u00e4ndiga upplysningar.&nbsp;<\/p>\n\n\n\n<h3 class=\"wp-block-heading\">\u00a7 12 Stadge\u00e4ndring&nbsp;<\/h3>\n\n\n\n<p>Beslut om stadge\u00e4ndring eller f\u00f6reningens uppl\u00f6sning, ska fattas med minst 2\/3 majoritet vid tv\u00e5 f\u00f6reningsm\u00f6ten. Ett av dessa m\u00f6ten ska vara \u00e5rsm\u00f6te och mellan m\u00f6tena ska minst tre och h\u00f6gst sex m\u00e5nader f\u00f6rflyta.&nbsp;<\/p>\n\n\n\n<p>Fastighetens \u00e4gare ska informeras om f\u00f6rslag till \u00e4ndring av stadgarna samt beslut om f\u00f6reningens uppl\u00f6sning.&nbsp;<\/p>\n\n\n\n<h3 class=\"wp-block-heading\">\u00a7 13 F\u00f6reningens uppl\u00f6sning&nbsp;<\/h3>\n\n\n\n<p>Om kollektivhusf\u00f6reningen uppl\u00f6ses ska dess kvarvarande tillg\u00e5ngar f\u00f6rdelas lika mellan medlemmarna (jfr \u00a7 12).<\/p>\n","protected":false},"excerpt":{"rendered":"<p>Klicka h\u00e4r f\u00f6r att l\u00e4sa stadgarna som pdf. Antagna p\u00e5 husm\u00f6tet 201122 och p\u00e5 \u00e5rsm\u00f6tet 210328 \u00a7 1 Firma&nbsp; F\u00f6reningens firma \u00e4r Kollektivhusf\u00f6reningen S\u00f6dra Station.&nbsp; \u00a7 2. \u00c4ndam\u00e5l&nbsp; Kollektivhusf\u00f6reningens \u00e4ndam\u00e5l \u00e4r att p\u00e5 boende- och arbetsgemenskapens grund skapa en god boendemilj\u00f6, fr\u00e4mja gemensamma aktiviteter som gemensam matlagning och gemensamma m\u00e5ltider f\u00f6r medlemmarna i kollektivhusf\u00f6reningen och &hellip; <\/p>\n<p class=\"link-more\"><a href=\"https:\/\/sodrastation.org\/?page_id=14\" class=\"more-link\">Forts\u00e4tt l\u00e4sa<span class=\"screen-reader-text\"> \u201dStadgar f\u00f6r Kollektivhusf\u00f6reningen S\u00f6dra Station\u201d<\/span><\/a><\/p>\n","protected":false},"author":1,"featured_media":0,"parent":0,"menu_order":0,"comment_status":"closed","ping_status":"closed","template":"","meta":{"footnotes":""},"class_list":["post-14","page","type-page","status-publish","hentry"],"jetpack_shortlink":"https:\/\/wp.me\/P4aZOx-e","jetpack_sharing_enabled":true,"_links":{"self":[{"href":"https:\/\/sodrastation.org\/index.php?rest_route=\/wp\/v2\/pages\/14","targetHints":{"allow":["GET"]}}],"collection":[{"href":"https:\/\/sodrastation.org\/index.php?rest_route=\/wp\/v2\/pages"}],"about":[{"href":"https:\/\/sodrastation.org\/index.php?rest_route=\/wp\/v2\/types\/page"}],"author":[{"embeddable":true,"href":"https:\/\/sodrastation.org\/index.php?rest_route=\/wp\/v2\/users\/1"}],"replies":[{"embeddable":true,"href":"https:\/\/sodrastation.org\/index.php?rest_route=%2Fwp%2Fv2%2Fcomments&post=14"}],"version-history":[{"count":2,"href":"https:\/\/sodrastation.org\/index.php?rest_route=\/wp\/v2\/pages\/14\/revisions"}],"predecessor-version":[{"id":872,"href":"https:\/\/sodrastation.org\/index.php?rest_route=\/wp\/v2\/pages\/14\/revisions\/872"}],"wp:attachment":[{"href":"https:\/\/sodrastation.org\/index.php?rest_route=%2Fwp%2Fv2%2Fmedia&parent=14"}],"curies":[{"name":"wp","href":"https:\/\/api.w.org\/{rel}","templated":true}]}}