{"id":443,"date":"2018-05-19T22:36:01","date_gmt":"2018-05-19T22:36:01","guid":{"rendered":"http:\/\/sodrastation.org\/?page_id=443"},"modified":"2026-02-04T17:50:20","modified_gmt":"2026-02-04T17:50:20","slug":"sa-har-fungerar-det","status":"publish","type":"page","link":"https:\/\/sodrastation.org\/?page_id=443","title":{"rendered":"S\u00e5 h\u00e4r funkar det i Kollektivhusf\u00f6reningen S\u00f6dra station!"},"content":{"rendered":"<p><span style=\"font-weight: 400;\">V\u00e5ra l\u00e4genheter \u00e4r precis som andras. Skillnaden \u00e4r att m\u00e5nga av utrymmena i huset delas av alla som \u00e4r med i kollektivhusf\u00f6reningen. D\u00e4r finns matsalen d\u00e4r vi i matlagen hj\u00e4lps \u00e5t att laga mat och lokaler f\u00f6r umg\u00e4nge eller aktiviteter som inte ryms hemma.\u00a0<\/span><\/p>\n<p><span style=\"font-weight: 400;\">Kollektivhusf\u00f6reningen S\u00f6dra Station \u00e4r en ideell f\u00f6rening som \u00e4r partipolitiskt och religi\u00f6st obunden.<\/span><\/p>\n<p><span style=\"font-weight: 400;\">M\u00e5let \u00e4r att skapa en god boendemilj\u00f6 grundat p\u00e5 boende- och arbetsgemenskap, och det g\u00f6rs genom att fr\u00e4mja gemensamma aktiviteter f\u00f6r medlemmarna.<\/span><\/p>\n<p><span style=\"font-weight: 400;\">Kollektivhusf\u00f6reningen bedriver ingen kommersiell verksamhet.<\/span><\/p>\n<p><span style=\"font-weight: 400;\">Gemensamhetslokalerna uppl\u00e5ts av Brf M\u00e5ttbandet, se <\/span><a href=\"https:\/\/mattbandet.se\"><span style=\"font-weight: 400;\">https:\/\/mattbandet.se<\/span><\/a><\/p>\n<p><span style=\"font-weight: 400;\">Bes\u00f6ksadress:\u00a0<\/span><span style=\"font-weight: 400;\">Magnus Ladul\u00e5sgatan 15\u201321, <\/span><span style=\"font-weight: 400;\">118 65 Stockholm<\/span><\/p>\n<p><span style=\"font-weight: 400;\">E-post: <\/span><a href=\"mailto:kollektivhusetsodrastation@gmail.com\"><span style=\"font-weight: 400;\">kollektivhusetsodrastation@gmail.com<\/span><\/a><span style=\"font-weight: 400;\">\u00a0<\/span><\/p>\n<p><span style=\"font-weight: 400;\">Postadress:\u00a0<\/span><span style=\"font-weight: 400;\">Lehusens gr\u00e4nd 4, <\/span><span style=\"font-weight: 400;\">118 65 Stockholm<\/span><\/p>\n<p><span style=\"font-weight: 400;\">Organisationsnummer: 802013-3768.<\/span><\/p>\n<p><span style=\"font-weight: 400;\">Plusgiro 30 35 23-5 eller swish 123 133 3855 f\u00f6r inbetalningar till mat, samt till medlemskap som kostar 250 kronor per person och \u00e5r.<\/span><\/p>\n<h2>L\u00e4s mer om:<\/h2>\n<ul>\n<li><a href=\"https:\/\/sodrastation.org\/?page_id=447\">Ledning av verksamheten i kollektivhusf\u00f6reningen<\/a><\/li>\n<li><a href=\"https:\/\/sodrastation.org\/?page_id=449\">Matsalen och k\u00f6ket<\/a><\/li>\n<li><a href=\"https:\/\/sodrastation.org\/?page_id=482\">Verksamhetsrummen och \u00f6vriga lokalen<\/a><\/li>\n<li><a href=\"https:\/\/sodrastation.org\/?page_id=451\">Betalning och avgifter<\/a><\/li>\n<li><a href=\"https:\/\/sodrastation.org\/?page_id=494\">St\u00e4ddagar<\/a><\/li>\n<\/ul>\n","protected":false},"excerpt":{"rendered":"<p>V\u00e5ra l\u00e4genheter \u00e4r precis som andras. Skillnaden \u00e4r att m\u00e5nga av utrymmena i huset delas av alla som \u00e4r med i kollektivhusf\u00f6reningen. D\u00e4r finns matsalen d\u00e4r vi i matlagen hj\u00e4lps \u00e5t att laga mat och lokaler f\u00f6r umg\u00e4nge eller aktiviteter som inte ryms hemma.\u00a0 Kollektivhusf\u00f6reningen S\u00f6dra Station \u00e4r en ideell f\u00f6rening som \u00e4r partipolitiskt och &hellip; <\/p>\n<p class=\"link-more\"><a href=\"https:\/\/sodrastation.org\/?page_id=443\" class=\"more-link\">Forts\u00e4tt l\u00e4sa<span class=\"screen-reader-text\"> \u201dS\u00e5 h\u00e4r funkar det i Kollektivhusf\u00f6reningen S\u00f6dra station!\u201d<\/span><\/a><\/p>\n","protected":false},"author":1,"featured_media":0,"parent":0,"menu_order":0,"comment_status":"closed","ping_status":"closed","template":"","meta":{"footnotes":""},"class_list":["post-443","page","type-page","status-publish","hentry"],"jetpack_shortlink":"https:\/\/wp.me\/P4aZOx-79","jetpack_sharing_enabled":true,"_links":{"self":[{"href":"https:\/\/sodrastation.org\/index.php?rest_route=\/wp\/v2\/pages\/443","targetHints":{"allow":["GET"]}}],"collection":[{"href":"https:\/\/sodrastation.org\/index.php?rest_route=\/wp\/v2\/pages"}],"about":[{"href":"https:\/\/sodrastation.org\/index.php?rest_route=\/wp\/v2\/types\/page"}],"author":[{"embeddable":true,"href":"https:\/\/sodrastation.org\/index.php?rest_route=\/wp\/v2\/users\/1"}],"replies":[{"embeddable":true,"href":"https:\/\/sodrastation.org\/index.php?rest_route=%2Fwp%2Fv2%2Fcomments&post=443"}],"version-history":[{"count":10,"href":"https:\/\/sodrastation.org\/index.php?rest_route=\/wp\/v2\/pages\/443\/revisions"}],"predecessor-version":[{"id":1358,"href":"https:\/\/sodrastation.org\/index.php?rest_route=\/wp\/v2\/pages\/443\/revisions\/1358"}],"wp:attachment":[{"href":"https:\/\/sodrastation.org\/index.php?rest_route=%2Fwp%2Fv2%2Fmedia&parent=443"}],"curies":[{"name":"wp","href":"https:\/\/api.w.org\/{rel}","templated":true}]}}