{"id":445,"date":"2018-05-19T22:36:40","date_gmt":"2018-05-19T22:36:40","guid":{"rendered":"http:\/\/sodrastation.org\/?page_id=445"},"modified":"2023-01-07T17:02:00","modified_gmt":"2023-01-07T17:02:00","slug":"information-for-nya-medlemmar","status":"publish","type":"page","link":"https:\/\/sodrastation.org\/?page_id=445","title":{"rendered":"Medlemskap i kollektivhusf\u00f6reningen"},"content":{"rendered":"\n<p>Alla boende i Brf M\u00e5ttbandet \u00e4r v\u00e4lkomna att bli medlemmar i kollektivhusf\u00f6reningen. Alla medlemmar och deras barn har m\u00f6jlighet att delta i de aktiviteter som f\u00f6reningen ordnar och f\u00e5r \u00e4ven tillg\u00e5ng till de gemensamma utrymmena i kollektivhuset.<\/p>\n\n\n\n<p>Medlemmar i kollektivhusf\u00f6reningen kan ocks\u00e5 v\u00e4lja att vara med i ett matlag. D\u00e5 f\u00e5r man m\u00f6jlighet att \u00e4ta i matsalen fyra dagar i veckan, m\u00e5ndag till torsdag, under skolterminerna. Alla som \u00e4r medlemmar i ett matlag ska hj\u00e4lpa till att laga mat, diska och st\u00e4da k\u00f6ket och matsalen. Den som \u00e4r med i ett matlag ska jobba motsvarande tv\u00e5 arbetspass per vuxen och m\u00e5nad, fem timmar.&nbsp;<\/p>\n\n\n\n<p>Att v\u00e5rda de kollektiva lokalerna i M\u00e5ttbandet 2 \u00e4r alla medlemmars gemensamma ansvar. Det f\u00f6rv\u00e4ntas av alla medlemmar att vara med p\u00e5 de gemensamma st\u00e4ddagarna en g\u00e5ng per termin och sk\u00f6ta om de lokaler f\u00f6reningen disponerar, till exempel kaf\u00e9lokalen, snickarrummet, kuddrummet, g\u00e4stl\u00e4genheten och m\u00e5larrummet.<\/p>\n\n\n\n<p>Medlemskapet \u00e4r individuellt. Det g\u00e4ller b\u00e5de r\u00f6str\u00e4tt och medlemsavgift. Medlemsavgiften \u00e4r 250 kronor per medlem och \u00e5r och betalas in p\u00e5 plusgiro 30 35 23-5 eller swish 123 133 3855.<\/p>\n\n\n\n<h1 class=\"wp-block-heading\">Rutiner kring medlemskap<br>i kollektivhusf\u00f6reningen<\/h1>\n\n\n\n<p>Boende i Brf M\u00e5ttbandet kan ans\u00f6ka om medlemskap i kollektivhusf\u00f6reningen.&nbsp;<\/p>\n\n\n\n<p>Som medlem:&nbsp;<\/p>\n\n\n\n<ul class=\"wp-block-list\">\n<li>Betalar du en \u00e5rlig avgift, f\u00f6r n\u00e4rvarande 250 kronor.&nbsp;<\/li>\n\n\n\n<li>Deltar du i tv\u00e5 st\u00e4ddagar om \u00e5ret.<\/li>\n\n\n\n<li>F\u00e5r du din nyckelbricka programmerad s\u00e5 att du har tillg\u00e5ng till de gemensamma lokalerna i kollektivhuset.<\/li>\n\n\n\n<li>Kan du hyra g\u00e4strummet, kaf\u00e9et, matsalen och k\u00f6ket.&nbsp;<\/li>\n\n\n\n<li>Kan du vara med i ett matlag och \u00e4ta i matsalen.&nbsp;<\/li>\n\n\n\n<li>\u00c4r du v\u00e4lkommen att delta i kurser, m\u00f6ten och annan f\u00f6reningsverksamhet.<\/li>\n\n\n\n<li>Kan du vara med i f\u00f6reningens <a href=\"https:\/\/www.facebook.com\/groups\/172254376131943\">Facebook-grupp<\/a>.&nbsp;<\/li>\n<\/ul>\n\n\n\n<h2 class=\"wp-block-heading\">S\u00e5 h\u00e4r blir du medlem i kollektivhusf\u00f6reningen<\/h2>\n\n\n\n<p>Du kontaktar styrelsen, till exempel via <a href=\"mailto:kollektivhusetsodrastation@gmail.com\">kollektivhusetsodrastation@gmail.com<\/a>&nbsp;<\/p>\n\n\n\n<ol class=\"wp-block-list\">\n<li>Du blir rundvisad i lokalerna och informerad om verksamheten.&nbsp;<\/li>\n\n\n\n<li>Du betalar medlemsavgiften p\u00e5 plusgiro 30 35 23-5 eller swish 123 133 3855.<\/li>\n\n\n\n<li>Du f\u00e5r ytterligare information och instruktioner om hur allt fungerar. Genomg\u00e5ng av diskmaskin och \u00f6vrig k\u00f6ksutrustning, nycklar, st\u00e4dmaterial, bokningslistor, st\u00e4ddagar och annat som en medlem m\u00e5ste k\u00e4nna till.&nbsp;<\/li>\n\n\n\n<li>Du f\u00e5r din nyckelbricka programmerad s\u00e5 att du kommer in i de gemensamma lokalerna i kollektivhuset.&nbsp;<\/li>\n\n\n\n<li>Du kan bli medlem i <a href=\"https:\/\/www.facebook.com\/groups\/172254376131943\">Facebook-gruppen<\/a>.&nbsp;<\/li>\n<\/ol>\n\n\n\n<h2 class=\"wp-block-heading\">S\u00e5 h\u00e4r blir du medlem i matlag<\/h2>\n\n\n\n<p>N\u00e4r du \u00e4r medlem i kollektivhusf\u00f6reningen kan du bli medlem i matlag.<\/p>\n\n\n\n<p>Du kontaktar styrelsen, till exempel via <a href=\"mailto:kollektivhusetsodrastation@gmail.com\">kollektivhusetsodrastation@gmail.com<\/a>&nbsp;<\/p>\n\n\n\n<ol class=\"wp-block-list\">\n<li>Du blir bjuden p\u00e5 en middag i matsalen och informerad om vad det inneb\u00e4r att vara medlem i ett matlag av n\u00e5gon i styrelsen, eller av styrelsen utsedd person.&nbsp;<\/li>\n\n\n\n<li>Styrelsen, eller av styrelsen utsedd person, best\u00e4mmer i vilket\/vilka matlag du ska g\u00f6ra dina tv\u00e5 pass. Du kan komma med \u00f6nskem\u00e5l.&nbsp;<\/li>\n\n\n\n<li>Du blir kontaktad av matlagsansvarig f\u00f6r ett av de fyra matlagen och f\u00e5r en introduktion. Vanligen f\u00e5r du f\u00f6rsta veckan g\u00e5 dubbelt p\u00e5 dina tv\u00e5 pass f\u00f6r att sen g\u00f6ra egna pass.&nbsp;<\/li>\n<\/ol>\n\n\n\n<p>Styrelsen kan \u00e4ven v\u00e4lkomna externa medlemmar i matlagsverksamheten. Dessa externa medlemmar i matlag har yttrander\u00e4tt men inte r\u00f6str\u00e4tt p\u00e5 f\u00f6reningsm\u00f6ten och har inte egen tillg\u00e5ng till gemensamhetslokalerna. D\u00e5 deltar du i matlag, st\u00e4ddagarna och kan vara med i f\u00f6reningens <a href=\"https:\/\/www.facebook.com\/groups\/172254376131943\">Facebook-grupp<\/a>.&nbsp;<\/p>\n\n\n\n<h2 class=\"wp-block-heading\">Avslutande av medlemskap i kollektivhusf\u00f6reningen<\/h2>\n\n\n\n<p>Ditt medlemskap avslutas om du inte:&nbsp;<\/p>\n\n\n\n<ul class=\"wp-block-list\">\n<li>Betalar den \u00e5rliga medlemsavgiften f\u00f6re mars m\u00e5nads utg\u00e5ng.&nbsp;<\/li>\n\n\n\n<li>Deltar i tv\u00e5 st\u00e4ddagar om \u00e5ret. Om du inte kan delta p\u00e5 en st\u00e4ddag meddelar du styrelsen detta. Styrelsen avg\u00f6r d\u00e5 om du ska g\u00f6ra ett st\u00e4dpass (ungef\u00e4r 2,5 timme) vid ett annat tillf\u00e4lle som passar dig.<\/li>\n<\/ul>\n","protected":false},"excerpt":{"rendered":"<p>Alla boende i Brf M\u00e5ttbandet \u00e4r v\u00e4lkomna att bli medlemmar i kollektivhusf\u00f6reningen. Alla medlemmar och deras barn har m\u00f6jlighet att delta i de aktiviteter som f\u00f6reningen ordnar och f\u00e5r \u00e4ven tillg\u00e5ng till de gemensamma utrymmena i kollektivhuset. Medlemmar i kollektivhusf\u00f6reningen kan ocks\u00e5 v\u00e4lja att vara med i ett matlag. D\u00e5 f\u00e5r man m\u00f6jlighet att \u00e4ta &hellip; <\/p>\n<p class=\"link-more\"><a href=\"https:\/\/sodrastation.org\/?page_id=445\" class=\"more-link\">Forts\u00e4tt l\u00e4sa<span class=\"screen-reader-text\"> \u201dMedlemskap i kollektivhusf\u00f6reningen\u201d<\/span><\/a><\/p>\n","protected":false},"author":1,"featured_media":0,"parent":0,"menu_order":0,"comment_status":"closed","ping_status":"closed","template":"","meta":{"footnotes":""},"class_list":["post-445","page","type-page","status-publish","hentry"],"jetpack_shortlink":"https:\/\/wp.me\/P4aZOx-7b","jetpack_sharing_enabled":true,"_links":{"self":[{"href":"https:\/\/sodrastation.org\/index.php?rest_route=\/wp\/v2\/pages\/445","targetHints":{"allow":["GET"]}}],"collection":[{"href":"https:\/\/sodrastation.org\/index.php?rest_route=\/wp\/v2\/pages"}],"about":[{"href":"https:\/\/sodrastation.org\/index.php?rest_route=\/wp\/v2\/types\/page"}],"author":[{"embeddable":true,"href":"https:\/\/sodrastation.org\/index.php?rest_route=\/wp\/v2\/users\/1"}],"replies":[{"embeddable":true,"href":"https:\/\/sodrastation.org\/index.php?rest_route=%2Fwp%2Fv2%2Fcomments&post=445"}],"version-history":[{"count":7,"href":"https:\/\/sodrastation.org\/index.php?rest_route=\/wp\/v2\/pages\/445\/revisions"}],"predecessor-version":[{"id":1153,"href":"https:\/\/sodrastation.org\/index.php?rest_route=\/wp\/v2\/pages\/445\/revisions\/1153"}],"wp:attachment":[{"href":"https:\/\/sodrastation.org\/index.php?rest_route=%2Fwp%2Fv2%2Fmedia&parent=445"}],"curies":[{"name":"wp","href":"https:\/\/api.w.org\/{rel}","templated":true}]}}