{"id":447,"date":"2018-05-19T22:37:16","date_gmt":"2018-05-19T22:37:16","guid":{"rendered":"http:\/\/sodrastation.org\/?page_id=447"},"modified":"2023-01-07T17:52:54","modified_gmt":"2023-01-07T17:52:54","slug":"ledning-av-verksamheten","status":"publish","type":"page","link":"https:\/\/sodrastation.org\/?page_id=447","title":{"rendered":"Ledning av verksamheten i kollektivhusf\u00f6reningen"},"content":{"rendered":"<p><span style=\"font-weight: 400;\">Det \u00e4r f\u00f6reningsm\u00f6tet som beslutar om verksamheten i kollektivhusf\u00f6reningen. Alla medlemmar \u00e4r v\u00e4lkomna att delta p\u00e5 f\u00f6reningsm\u00f6tena. Styrelsen i kollektivhusf\u00f6reningen verkst\u00e4ller f\u00f6reningsm\u00f6tets beslut.\u00a0<\/span><\/p>\n<p><span style=\"font-weight: 400;\">\u00c5rsm\u00f6tet \u00e4r f\u00f6reningens h\u00f6gsta beslutande organ och h\u00e5lls en g\u00e5ng om \u00e5ret. F\u00f6reningen ska enligt <\/span><a href=\"https:\/\/docs.google.com\/document\/d\/1BleOWLoVQHrOALzACgoJKQ1gbw_HVFnx5Bo3-ASEdco\/edit#heading=h.qryk5m9hee18\"><span style=\"font-weight: 400;\">stadgarna <\/span><\/a><span style=\"font-weight: 400;\">h\u00e5lla minst tre f\u00f6reningsm\u00f6ten per \u00e5r, varav ett \u00e4r \u00e5rsm\u00f6te. Kallelse till dessa m\u00f6ten mejlas till alla som betalat \u00e5rets medlemsavgift, s\u00e4tts upp p\u00e5 anslagstavlan vid entr\u00e9n och i hissarna samt postas i <\/span><a href=\"https:\/\/www.facebook.com\/groups\/172254376131943\"><span style=\"font-weight: 400;\">Facebook-gruppen<\/span><\/a><span style=\"font-weight: 400;\">. Protokoll s\u00e4tts upp p\u00e5 anslagstavlan mittemot matsalen. Kollektivhusf\u00f6reningens stadgar finns p\u00e5 f\u00f6reningens webbplats: <\/span><a href=\"http:\/\/www.sodrastation.org\"><span style=\"font-weight: 400;\">www.sodrastation.org<\/span><\/a><span style=\"font-weight: 400;\">, i <\/span><a href=\"https:\/\/drive.google.com\/file\/d\/1nwUgashBmk2BdfXhUuJd4e74c5yoAj97\/view?usp=share_link\"><span style=\"font-weight: 400;\">denna mapp<\/span><\/a><span style=\"font-weight: 400;\"> och under rubriken <\/span><a href=\"https:\/\/sodrastation.org\/?page_id=14\"><span style=\"font-weight: 400;\">Stadgar<\/span><\/a><span style=\"font-weight: 400;\">.\u00a0<\/span><\/p>\n<p><span style=\"font-weight: 400;\">Styrelsen har m\u00f6te ungef\u00e4r en g\u00e5ng per m\u00e5nad. Efter m\u00f6tena finns protokollen att l\u00e4sa p\u00e5 anslagstavlan utanf\u00f6r matsalen och i p\u00e4rmen inne i syrummet\/kontoret. <\/span><\/p>\n","protected":false},"excerpt":{"rendered":"<p>Det \u00e4r f\u00f6reningsm\u00f6tet som beslutar om verksamheten i kollektivhusf\u00f6reningen. Alla medlemmar \u00e4r v\u00e4lkomna att delta p\u00e5 f\u00f6reningsm\u00f6tena. Styrelsen i kollektivhusf\u00f6reningen verkst\u00e4ller f\u00f6reningsm\u00f6tets beslut.\u00a0 \u00c5rsm\u00f6tet \u00e4r f\u00f6reningens h\u00f6gsta beslutande organ och h\u00e5lls en g\u00e5ng om \u00e5ret. F\u00f6reningen ska enligt stadgarna h\u00e5lla minst tre f\u00f6reningsm\u00f6ten per \u00e5r, varav ett \u00e4r \u00e5rsm\u00f6te. Kallelse till dessa m\u00f6ten mejlas till &hellip; <\/p>\n<p class=\"link-more\"><a href=\"https:\/\/sodrastation.org\/?page_id=447\" class=\"more-link\">Forts\u00e4tt l\u00e4sa<span class=\"screen-reader-text\"> \u201dLedning av verksamheten i kollektivhusf\u00f6reningen\u201d<\/span><\/a><\/p>\n","protected":false},"author":1,"featured_media":0,"parent":0,"menu_order":0,"comment_status":"closed","ping_status":"closed","template":"","meta":{"jetpack_post_was_ever_published":false,"footnotes":""},"class_list":["post-447","page","type-page","status-publish","hentry"],"jetpack_shortlink":"https:\/\/wp.me\/P4aZOx-7d","jetpack_sharing_enabled":true,"_links":{"self":[{"href":"https:\/\/sodrastation.org\/index.php?rest_route=\/wp\/v2\/pages\/447","targetHints":{"allow":["GET"]}}],"collection":[{"href":"https:\/\/sodrastation.org\/index.php?rest_route=\/wp\/v2\/pages"}],"about":[{"href":"https:\/\/sodrastation.org\/index.php?rest_route=\/wp\/v2\/types\/page"}],"author":[{"embeddable":true,"href":"https:\/\/sodrastation.org\/index.php?rest_route=\/wp\/v2\/users\/1"}],"replies":[{"embeddable":true,"href":"https:\/\/sodrastation.org\/index.php?rest_route=%2Fwp%2Fv2%2Fcomments&post=447"}],"version-history":[{"count":6,"href":"https:\/\/sodrastation.org\/index.php?rest_route=\/wp\/v2\/pages\/447\/revisions"}],"predecessor-version":[{"id":1165,"href":"https:\/\/sodrastation.org\/index.php?rest_route=\/wp\/v2\/pages\/447\/revisions\/1165"}],"wp:attachment":[{"href":"https:\/\/sodrastation.org\/index.php?rest_route=%2Fwp%2Fv2%2Fmedia&parent=447"}],"curies":[{"name":"wp","href":"https:\/\/api.w.org\/{rel}","templated":true}]}}