{"id":449,"date":"2018-05-19T22:37:57","date_gmt":"2018-05-19T22:37:57","guid":{"rendered":"http:\/\/sodrastation.org\/?page_id=449"},"modified":"2026-02-04T17:55:44","modified_gmt":"2026-02-04T17:55:44","slug":"matsalen-och-koket","status":"publish","type":"page","link":"https:\/\/sodrastation.org\/?page_id=449","title":{"rendered":"Matsalen och k\u00f6ket"},"content":{"rendered":"<div class=\"page\" title=\"Page 11\">\n<div class=\"section\">\n<div class=\"layoutArea\">\n<div class=\"column\">\n<p><span style=\"font-weight: 400;\">K\u00e4rnan i verksamheten i kollektivhusf\u00f6reningen \u00e4r de gemensamma middagarna, som serveras m\u00e5ndag till torsdag under skolterminerna, med uppeh\u00e5ll under skolloven.\u00a0<\/span><\/p>\n<p><span style=\"font-weight: 400;\">F\u00f6r den allm\u00e4nna trivseln g\u00e4ller:<\/span><\/p>\n<ul>\n<li style=\"font-weight: 400;\" aria-level=\"1\"><span style=\"font-weight: 400;\">Inget spring, lek eller ropande i matsalen under middagen.<\/span><\/li>\n<li style=\"font-weight: 400;\" aria-level=\"1\"><span style=\"font-weight: 400;\">L\u00e4ngre mobilsamtal tas ute i korridoren.<\/span><\/li>\n<li style=\"font-weight: 400;\" aria-level=\"1\"><span style=\"font-weight: 400;\">Sm\u00e5 barn under sju \u00e5r f\u00e5r av s\u00e4kerhetssk\u00e4l inte vistas i k\u00f6ket.<\/span><\/li>\n<li style=\"font-weight: 400;\" aria-level=\"1\"><span style=\"font-weight: 400;\">Om du vill \u00e4ta hemma i st\u00e4llet f\u00f6r i matsalen kan du ta med dig mat hem.<\/span><\/li>\n<\/ul>\n<p><span style=\"font-weight: 400;\">N\u00e4r du ska \u00e4ta blir du avprickad p\u00e5 en lista och pengarna dras sedan fr\u00e5n den pott med pengar som betalats in p\u00e5 matkontot.<\/span><\/p>\n<p><b>L\u00e4s mer: <\/b><a href=\"https:\/\/docs.google.com\/document\/d\/1BleOWLoVQHrOALzACgoJKQ1gbw_HVFnx5Bo3-ASEdco\/edit#heading=h.7a519sv6ibuf\"><span style=\"font-weight: 400;\">S\u00e5 g\u00f6r du med betalningen<\/span><\/a><span style=\"font-weight: 400;\">.\u00a0<\/span><\/p>\n<p><span style=\"font-weight: 400;\">Om det finns mat kvar efter klockan 19:00 kan de som redan har \u00e4tit k\u00f6pa med sig en eller flera lunchl\u00e5dor. Betalning f\u00f6r dessa lunchl\u00e5dor f\u00f6rs in p\u00e5 pricklistan i datorn.<\/span><\/p>\n<p><span style=\"font-weight: 400;\">Mat som finns kvar efter klockan 19:00 fryses in i matl\u00e5dor som g\u00e5r att k\u00f6pa senare. Du antecknar p\u00e5 en lista som h\u00e4nger p\u00e5 frysen i k\u00f6ket och summan dras sedan fr\u00e5n matkontot.\u00a0<\/span><\/p>\n<h2><span style=\"font-weight: 400;\">Matpriser<\/span><\/h2>\n<p><span style=\"font-weight: 400;\">Barn under 13 \u00e5r:<\/span> 20<span style=\"font-weight: 400;\"> kr<\/span><span style=\"font-weight: 400;\"><br \/>\n<\/span><span style=\"font-weight: 400;\">Ungdomar under 21 \u00e5r:<\/span> 30<span style=\"font-weight: 400;\"> kr\u00a0<\/span><span style=\"font-weight: 400;\"><br \/>\n<\/span><span style=\"font-weight: 400;\">Vuxna medlemmar i matlag:<\/span> <span style=\"font-weight: 400;\">45 kr<\/span><span style=\"font-weight: 400;\"><br \/>\n<\/span><span style=\"font-weight: 400;\">Vuxna g\u00e4ster:<\/span> <span style=\"font-weight: 400;\">55 kr<\/span><span style=\"font-weight: 400;\"><br \/>\n<\/span><span style=\"font-weight: 400;\">Lunchl\u00e5da:<\/span> <span style=\"font-weight: 400;\">35 kr<\/span><\/p>\n<h2><span style=\"font-weight: 400;\">G\u00e4ster och barn fr\u00e5n 21 \u00e5rs \u00e5lder:<\/span><\/h2>\n<p><span style=\"font-weight: 400;\">F\u00f6reningsm\u00f6tet den 29 september 2019 besl\u00f6t att \u201dfr\u00e5n och med 21 \u00e5r \u00e4r personen v\u00e4lkommen att \u00e4ta maten som serveras i kollektivhuset om hen<\/span><span style=\"font-weight: 400;\">\u00a0\u00e4r medlem i matlag\u201d och att \u201dmatlagsmedlemmar bara vid enstaka tillf\u00e4llen kan ha v\u00e4nner eller familj som g\u00e4ster\u201d.<\/span><\/p>\n<p><span style=\"font-weight: 400;\">\u00c4ven barn under 21 \u00e5r kan f\u00e5 g\u00e5 med i matlag och vara med att g\u00f6ra pass men det \u00e4r ingen skyldighet f\u00f6r att f\u00e5 \u00e4ta i matsalen regelbundet.<\/span><\/p>\n<p><span style=\"font-weight: 400;\">Meddela matlagsansvarig om du ska ha flera g\u00e4ster \u2013 max sex g\u00e4ster.<\/span><\/p>\n<h2><span style=\"font-weight: 400;\">S\u00e5 g\u00f6r du med betalningen<\/span><\/h2>\n<p><span style=\"font-weight: 400;\">F\u00f6r att kunna \u00e4ta i matsalen beh\u00f6ver du s\u00e4tta in pengar p\u00e5 matkontot. Det \u00e4r en pott med pengar som s\u00e4tts in p\u00e5 plusgiro 30 35 23-5 eller swish 123 133 3855. Betala i f\u00f6rskott, och s\u00e5 att matkontot har en buffert.<\/span><\/p>\n<p><span style=\"font-weight: 400;\">P\u00e5 en lista p\u00e5 anslagstavlan vid matsalen kan du se hur du ligger till med inbetalningarna. Den som har ett underskott p\u00e5 mer \u00e4n 250 kronor p\u00e5 matkontot markeras p\u00e5 avprickningslistan och uppmanas betala in pengar s\u00e5 fort som m\u00f6jligt. Den som har underskott p\u00e5 kontot swishar i d\u00f6rren f\u00f6r att \u00e4ta i matsalen.<\/span><\/p>\n<\/div>\n<\/div>\n<\/div>\n<\/div>\n","protected":false},"excerpt":{"rendered":"<p>K\u00e4rnan i verksamheten i kollektivhusf\u00f6reningen \u00e4r de gemensamma middagarna, som serveras m\u00e5ndag till torsdag under skolterminerna, med uppeh\u00e5ll under skolloven.\u00a0 F\u00f6r den allm\u00e4nna trivseln g\u00e4ller: Inget spring, lek eller ropande i matsalen under middagen. L\u00e4ngre mobilsamtal tas ute i korridoren. Sm\u00e5 barn under sju \u00e5r f\u00e5r av s\u00e4kerhetssk\u00e4l inte vistas i k\u00f6ket. Om du vill &hellip; <\/p>\n<p class=\"link-more\"><a href=\"https:\/\/sodrastation.org\/?page_id=449\" class=\"more-link\">Forts\u00e4tt l\u00e4sa<span class=\"screen-reader-text\"> \u201dMatsalen och k\u00f6ket\u201d<\/span><\/a><\/p>\n","protected":false},"author":1,"featured_media":0,"parent":0,"menu_order":0,"comment_status":"closed","ping_status":"closed","template":"","meta":{"footnotes":""},"class_list":["post-449","page","type-page","status-publish","hentry"],"jetpack_shortlink":"https:\/\/wp.me\/P4aZOx-7f","jetpack_sharing_enabled":true,"_links":{"self":[{"href":"https:\/\/sodrastation.org\/index.php?rest_route=\/wp\/v2\/pages\/449","targetHints":{"allow":["GET"]}}],"collection":[{"href":"https:\/\/sodrastation.org\/index.php?rest_route=\/wp\/v2\/pages"}],"about":[{"href":"https:\/\/sodrastation.org\/index.php?rest_route=\/wp\/v2\/types\/page"}],"author":[{"embeddable":true,"href":"https:\/\/sodrastation.org\/index.php?rest_route=\/wp\/v2\/users\/1"}],"replies":[{"embeddable":true,"href":"https:\/\/sodrastation.org\/index.php?rest_route=%2Fwp%2Fv2%2Fcomments&post=449"}],"version-history":[{"count":12,"href":"https:\/\/sodrastation.org\/index.php?rest_route=\/wp\/v2\/pages\/449\/revisions"}],"predecessor-version":[{"id":1361,"href":"https:\/\/sodrastation.org\/index.php?rest_route=\/wp\/v2\/pages\/449\/revisions\/1361"}],"wp:attachment":[{"href":"https:\/\/sodrastation.org\/index.php?rest_route=%2Fwp%2Fv2%2Fmedia&parent=449"}],"curies":[{"name":"wp","href":"https:\/\/api.w.org\/{rel}","templated":true}]}}