{"id":451,"date":"2018-05-19T22:38:41","date_gmt":"2018-05-19T22:38:41","guid":{"rendered":"http:\/\/sodrastation.org\/?page_id=451"},"modified":"2026-02-04T18:24:40","modified_gmt":"2026-02-04T18:24:40","slug":"betalning-och-avgifter","status":"publish","type":"page","link":"https:\/\/sodrastation.org\/?page_id=451","title":{"rendered":"Betalning och avgifter"},"content":{"rendered":"<h1><span style=\"font-weight: 400;\">Medlemskap i kollektivhusf\u00f6reningen<\/span><\/h1>\n<p><span style=\"font-weight: 400;\">Alla boende i Brf M\u00e5ttbandet \u00e4r v\u00e4lkomna att bli medlemmar i kollektivhusf\u00f6reningen. Alla medlemmar och deras barn har m\u00f6jlighet att delta i de aktiviteter som f\u00f6reningen ordnar och f\u00e5r \u00e4ven tillg\u00e5ng till de gemensamma utrymmena i kollektivhuset. Medlemmar i kollektivhusf\u00f6reningen kan ocks\u00e5 v\u00e4lja att vara med i ett matlag. D\u00e5 erbjuds m\u00f6jlighet att \u00e4ta i matsalen fyra dagar i veckan, m\u00e5ndag till torsdag, under skolterminerna.<\/span><\/p>\n<p><span style=\"font-weight: 400;\">Alla som \u00e4r medlemmar i ett matlag ska hj\u00e4lpa till att laga mat, diska och st\u00e4da k\u00f6ket och matsalen. Den som \u00e4r med i ett matlag ska jobba motsvarande tv\u00e5 arbetspass per vuxen och m\u00e5nad, fem timmar.\u00a0<\/span><\/p>\n<p><span style=\"font-weight: 400;\">Att v\u00e5rda de kollektiva lokalerna i M\u00e5ttbandet 2 \u00e4r alla medlemmars gemensamma ansvar. Det f\u00f6rv\u00e4ntas av alla medlemmar att vara med p\u00e5 de gemensamma st\u00e4ddagarna en g\u00e5ng per termin och sk\u00f6ta om de lokaler f\u00f6reningen disponerar, till exempel kaf\u00e9lokalen, snickarrummet, kuddrummet, g\u00e4stl\u00e4genheten och m\u00e5larrummet.\u00a0<\/span><\/p>\n<p><span style=\"font-weight: 400;\">Medlemskapet \u00e4r individuellt. Det g\u00e4ller b\u00e5de r\u00f6str\u00e4tt och medlemsavgift. Medlemsavgiften \u00e4r 250 kronor per medlem och \u00e5r och betalas in p\u00e5 p<\/span><span style=\"font-weight: 400;\">lusgiro 30 35 23-5 eller <\/span><span style=\"font-weight: 400;\">swish 123 133 3855<\/span><span style=\"font-weight: 400;\">.<\/span><\/p>\n<h2>Inbetalning matkontot<\/h2>\n<p>S\u00e4tt in pengar till matkontot p\u00e5 plusgiro 30 35 23-5. Betala i f\u00f6rskott och g\u00e4rna lite extra, s\u00e5 att matkontot f\u00e5r en buffert. P\u00e5 en aktuell lista p\u00e5 anslagstavlan vid matsalen kan du se hur du ligger till med inbetalningarna. Den som har ett underskott p\u00e5 mer \u00e4n 250 kronor p\u00e5 kontot markeras p\u00e5 avprickningslistan och uppmanas betala in pengar s\u00e5 fort som m\u00f6jligt.<\/p>\n<h2><span style=\"font-weight: 400;\">Matpriser<\/span><\/h2>\n<p>Maten \u00e4r till sj\u00e4lvkostnadspris.<\/p>\n<h2><span style=\"font-weight: 400;\">G\u00e4ster och personer 21 \u00e5r och \u00e4ldre:<\/span><\/h2>\n<p><span style=\"font-weight: 400;\">Fr\u00e5n och med 21 \u00e5r \u00e4r du v\u00e4lkommen att \u00e4ta maten som serveras i kollektivhuset om du \u00e4r medlem i matlag. Matlagsmedlemmar kan bara vid enstaka tillf\u00e4llen ha v\u00e4nner eller familj som g\u00e4ster.<\/span><\/p>\n<p><span style=\"font-weight: 400;\">\u00c4ven ungdomar under 21 \u00e5r kan f\u00e5 g\u00e5 med i matlag och vara med att g\u00f6ra pass men det \u00e4r ingen skyldighet f\u00f6r att f\u00e5 \u00e4ta i matsalen regelbundet.<\/span><\/p>\n<p><span style=\"font-weight: 400;\">Meddela matlagsansvarig om du ska ha flera g\u00e4ster \u2013 max sex g\u00e4ster.<\/span><\/p>\n<h2><span style=\"font-weight: 400;\">S\u00e5 g\u00f6r du med betalningen<\/span><\/h2>\n<p><span style=\"font-weight: 400;\">F\u00f6r att kunna \u00e4ta i matsalen beh\u00f6ver du s\u00e4tta in pengar p\u00e5 matkontot. Det \u00e4r en pott med pengar som s\u00e4tts in p\u00e5 plusgiro 30 35 23-5 eller swish 123 133 3855. Betala i f\u00f6rskott, och s\u00e5 att matkontot har en buffert.<\/span><\/p>\n<p><span style=\"font-weight: 400;\">P\u00e5 en lista p\u00e5 anslagstavlan vid matsalen kan du se hur du ligger till med inbetalningarna. Den som har ett underskott p\u00e5 mer \u00e4n 250 kronor p\u00e5 matkontot markeras p\u00e5 avprickningslistan och uppmanas betala in pengar s\u00e5 fort som m\u00f6jligt. Den som har underskott p\u00e5 kontot swishar i d\u00f6rren f\u00f6r att \u00e4ta i matsalen.<\/span><\/p>\n<h1><span style=\"font-weight: 400;\">Lokalkostnader f\u00f6r g\u00e4strum, matsal och kaf\u00e9<\/span><\/h1>\n<p>Avgiften f\u00f6r privat anv\u00e4ndning av g\u00e4strummet, matsal och kaf\u00e9 g\u00e5r till f\u00f6rbrukningsartiklar. Avgiften \u00e4r 100 kronor per natt f\u00f6r g\u00e4strummet och 100 kronor per tillf\u00e4lle f\u00f6r privata fester, aktiviteter, kurser och m\u00f6ten i matsalen. F\u00f6r caf\u00e9et \u00e4r avgiften 50 kronor. Avgiften dras av kollektivhusf\u00f6reningen fr\u00e5n medlemmens matkonto.<\/p>\n<p><span style=\"font-weight: 400;\">Medlemmen ansvarar sj\u00e4lv f\u00f6r att i god tid stryka sin eventuella avbokning p\u00e5 listan. Den som inte har matkonto ska betala in summan i f\u00f6rskott p\u00e5 Kollektivhusf\u00f6reningens plusgiro 30 35 23-5 eller swisha 123 133 3855. Kollektivhusf\u00f6reningens kass\u00f6r f\u00f6ljer upp.<\/span><\/p>\n","protected":false},"excerpt":{"rendered":"<p>Medlemskap i kollektivhusf\u00f6reningen Alla boende i Brf M\u00e5ttbandet \u00e4r v\u00e4lkomna att bli medlemmar i kollektivhusf\u00f6reningen. Alla medlemmar och deras barn har m\u00f6jlighet att delta i de aktiviteter som f\u00f6reningen ordnar och f\u00e5r \u00e4ven tillg\u00e5ng till de gemensamma utrymmena i kollektivhuset. Medlemmar i kollektivhusf\u00f6reningen kan ocks\u00e5 v\u00e4lja att vara med i ett matlag. D\u00e5 erbjuds m\u00f6jlighet &hellip; <\/p>\n<p class=\"link-more\"><a href=\"https:\/\/sodrastation.org\/?page_id=451\" class=\"more-link\">Forts\u00e4tt l\u00e4sa<span class=\"screen-reader-text\"> \u201dBetalning och avgifter\u201d<\/span><\/a><\/p>\n","protected":false},"author":1,"featured_media":0,"parent":0,"menu_order":0,"comment_status":"closed","ping_status":"closed","template":"","meta":{"jetpack_post_was_ever_published":false,"footnotes":""},"class_list":["post-451","page","type-page","status-publish","hentry"],"jetpack_shortlink":"https:\/\/wp.me\/P4aZOx-7h","jetpack_sharing_enabled":true,"_links":{"self":[{"href":"https:\/\/sodrastation.org\/index.php?rest_route=\/wp\/v2\/pages\/451","targetHints":{"allow":["GET"]}}],"collection":[{"href":"https:\/\/sodrastation.org\/index.php?rest_route=\/wp\/v2\/pages"}],"about":[{"href":"https:\/\/sodrastation.org\/index.php?rest_route=\/wp\/v2\/types\/page"}],"author":[{"embeddable":true,"href":"https:\/\/sodrastation.org\/index.php?rest_route=\/wp\/v2\/users\/1"}],"replies":[{"embeddable":true,"href":"https:\/\/sodrastation.org\/index.php?rest_route=%2Fwp%2Fv2%2Fcomments&post=451"}],"version-history":[{"count":11,"href":"https:\/\/sodrastation.org\/index.php?rest_route=\/wp\/v2\/pages\/451\/revisions"}],"predecessor-version":[{"id":1366,"href":"https:\/\/sodrastation.org\/index.php?rest_route=\/wp\/v2\/pages\/451\/revisions\/1366"}],"wp:attachment":[{"href":"https:\/\/sodrastation.org\/index.php?rest_route=%2Fwp%2Fv2%2Fmedia&parent=451"}],"curies":[{"name":"wp","href":"https:\/\/api.w.org\/{rel}","templated":true}]}}