{"id":457,"date":"2018-05-19T22:40:32","date_gmt":"2018-05-19T22:40:32","guid":{"rendered":"http:\/\/sodrastation.org\/?page_id=457"},"modified":"2023-01-07T18:05:36","modified_gmt":"2023-01-07T18:05:36","slug":"matlagningspass","status":"publish","type":"page","link":"https:\/\/sodrastation.org\/?page_id=457","title":{"rendered":"Matlagningspass"},"content":{"rendered":"<div class=\"page\" title=\"Page 13\">\n<div class=\"section\">\n<div class=\"layoutArea\">\n<div class=\"column\">\n<h3><span style=\"font-weight: 400;\">Matlagningspass kl 15:00-17:30<\/span><\/h3>\n<p><span style=\"font-weight: 400;\">Matlagningen g\u00f6rs fr\u00e5n kl 15:00 till serveringen 17:30. Tv\u00e5 personer b\u00f6rjar laga mat senast kl. 15:00. B\u00f6rja med att starta diskmaskinen, som tar l\u00e5ng till att v\u00e4rma upp sig. Matlagarna lagar maten enligt recept. Matlagarna ansvarar f\u00f6r att st\u00e4lla tillbaka varor som anv\u00e4nts under matlagningen.<\/span><\/p>\n<h1><span style=\"font-weight: 400;\">Instruktion s\u00e4tta p\u00e5 diskmaskinen<\/span><\/h1>\n<ol>\n<li style=\"font-weight: 400;\" aria-level=\"1\"><span style=\"font-weight: 400;\">Starta elen p\u00e5 knapp vid diskb\u00e4nken p\u00e5 v\u00e4ggen mot balkongen<\/span><\/li>\n<\/ol>\n<ol>\n<li style=\"font-weight: 400;\" aria-level=\"1\"><span style=\"font-weight: 400;\">Montera delarna i diskmaskinen om de inte redan \u00e4r p\u00e5 plats<\/span><\/li>\n<li style=\"font-weight: 400;\" aria-level=\"1\"><span style=\"font-weight: 400;\">Starta maskinen genom att trycka p\u00e5 knappen p\u00e5\/av<\/span><\/li>\n<\/ol>\n<ol>\n<li style=\"font-weight: 400;\" aria-level=\"1\"><span style=\"font-weight: 400;\">Tryck p\u00e5 knapp Ned, s\u00e5 att k\u00e5pan sluts.<\/span><\/li>\n<\/ol>\n<ol>\n<li style=\"font-weight: 400;\" aria-level=\"1\"><span style=\"font-weight: 400;\">D\u00e4refter ska maskinen v\u00e4rma. Det st\u00e5r CLEAR n\u00e4r den \u00e4r redo.<\/span><\/li>\n<li style=\"font-weight: 400;\" aria-level=\"1\"><span style=\"font-weight: 400;\">Tryck p\u00e5 knapp Upp, b\u00f6rja diska.<\/span><\/li>\n<li style=\"font-weight: 400;\" aria-level=\"1\"><span style=\"font-weight: 400;\">Anv\u00e4nd program 2<\/span><\/li>\n<\/ol>\n<h1><span style=\"font-weight: 400;\">Instruktion st\u00e4nga av diskmaskinen\u00a0<\/span><\/h1>\n<p><span style=\"font-weight: 400;\">Efter sista disken:<\/span><\/p>\n<ol>\n<li style=\"font-weight: 400;\" aria-level=\"1\"><span style=\"font-weight: 400;\">Ta ut de olika st\u00e4llningarna, filter och silar<\/span><\/li>\n<li style=\"font-weight: 400;\" aria-level=\"1\"><span style=\"font-weight: 400;\">Tryck p\u00e5 &#8221;diskprogramknappen&#8221; som lyser (till exempel [2])<\/span><\/li>\n<li style=\"font-weight: 400;\" aria-level=\"1\"><span style=\"font-weight: 400;\">D\u00e5 t\u00e4nds t\u00f6mningsknappen. Tryck p\u00e5 den.\u00a0<\/span><\/li>\n<li style=\"font-weight: 400;\" aria-level=\"1\"><span style=\"font-weight: 400;\">Tryck p\u00e5 pilar ner. Displayen visar CLEAN och efter n\u00e5gra minuter \u00e4r maskinen t\u00f6md (visar END).<\/span><\/li>\n<li style=\"font-weight: 400;\" aria-level=\"1\"><span style=\"font-weight: 400;\">Tryck p\u00e5 pilar upp.<\/span><\/li>\n<li style=\"font-weight: 400;\" aria-level=\"1\"><span style=\"font-weight: 400;\">St\u00e4ng av maskinen p\u00e5 p\u00e5\/av-knappen (display visar OFF)<\/span><\/li>\n<li style=\"font-weight: 400;\" aria-level=\"1\"><span style=\"font-weight: 400;\">Ta ut sista delarna, reng\u00f6r och l\u00e4gg tillbaka.<\/span><\/li>\n<\/ol>\n<h1><span style=\"font-weight: 400;\">Checklista f\u00f6r alla som \u00e4r med i matlag<\/span><\/h1>\n<p><span style=\"font-weight: 400;\">Innan du l\u00e4mnar k\u00f6ket: kolla att denna klar-f\u00f6r-dagen-lista \u00e4r gjord.<\/span><\/p>\n<h2><span style=\"font-weight: 400;\">Matlagare\/f\u00f6rberedare:<\/span><\/h2>\n<ul>\n<li style=\"font-weight: 400;\" aria-checked=\"false\" aria-level=\"1\"><span style=\"font-weight: 400;\">St\u00e4ll tillbaka matvaror som du \u00e4r klar med i skafferi\/kylsk\u00e5p. D\u00e5 \u00e4r chansen st\u00f6rre att saker och ting hamnar p\u00e5 r\u00e4tt plats.<\/span><\/li>\n<li style=\"font-weight: 400;\" aria-checked=\"false\" aria-level=\"1\"><span style=\"font-weight: 400;\">Diska och st\u00e4ll tillbaka j\u00e4ttestavmixern megatronen och dess olika delar (s\u00e5 att delarna inte kommer bort och att vi h\u00e5ller reda p\u00e5 maskinen).<\/span><\/li>\n<li style=\"font-weight: 400;\" aria-checked=\"false\" aria-level=\"1\"><span style=\"font-weight: 400;\">Diska och st\u00e4ll i ordning hush\u00e5llsassistenten Robocope och potatisskalaren direkt efter anv\u00e4ndning (rester som har torkat \u00e4r sv\u00e5ra att f\u00e5 bort).<\/span><\/li>\n<\/ul>\n<h2><span style=\"font-weight: 400;\">Diskare\/avprickare<\/span><\/h2>\n<ul>\n<li style=\"font-weight: 400;\" aria-checked=\"false\" aria-level=\"1\"><span style=\"font-weight: 400;\">G\u00f6r matl\u00e5dor med maten som blir \u00f6ver, anteckna matr\u00e4tt och datum p\u00e5 l\u00e5dorna samt antal infrysta lador p\u00e5 avprickningslistan.<\/span><\/li>\n<li style=\"font-weight: 400;\" aria-checked=\"false\" aria-level=\"1\"><span style=\"font-weight: 400;\">Diska och \u00e5terst\u00e4ll allt p\u00e5 r\u00e4tt plats (kolla registret utanf\u00f6r disken).<\/span><\/li>\n<li style=\"font-weight: 400;\" aria-checked=\"false\" aria-level=\"1\"><span style=\"font-weight: 400;\">Reng\u00f6r alla maskiner inklusive diskmaskinen.<\/span><\/li>\n<li style=\"font-weight: 400;\" aria-checked=\"false\" aria-level=\"1\"><span style=\"font-weight: 400;\">Kolla bilderna som \u00e4r uppsatta i k\u00f6ket och s\u00e4kerst\u00e4ll att verkligheten \u00f6verensst\u00e4mmer med bilden.<\/span><\/li>\n<li style=\"font-weight: 400;\" aria-checked=\"false\" aria-level=\"1\"><span style=\"font-weight: 400;\">T\u00f6m och torka av alla ytor, bord och s\u00e4tt upp stolarna.<\/span><\/li>\n<li style=\"font-weight: 400;\" aria-checked=\"false\" aria-level=\"1\"><span style=\"font-weight: 400;\">Sopa och v\u00e5ttorka golven.<\/span><\/li>\n<li style=\"font-weight: 400;\" aria-checked=\"false\" aria-level=\"1\"><span style=\"font-weight: 400;\">Ta ut grovsoporna till \u00e5tervinning.<\/span><\/li>\n<li style=\"font-weight: 400;\" aria-checked=\"false\" aria-level=\"1\"><span style=\"font-weight: 400;\">Sl\u00e4ng alla \u00f6vriga sopor i sopnedkastet.<\/span><\/li>\n<li style=\"font-weight: 400;\" aria-checked=\"false\" aria-level=\"1\"><span style=\"font-weight: 400;\">L\u00e5s d\u00f6rren till skafferiet samt d\u00f6rr mellan kylar\/frysar och k\u00f6k.<\/span><\/li>\n<li style=\"font-weight: 400;\" aria-checked=\"false\" aria-level=\"1\"><span style=\"font-weight: 400;\">Se till att alla d\u00f6rrar in till k\u00f6ket\/matsalen \u00e4r l\u00e5sta, d\u00f6rren mellan lilla och stora matsalen m\u00e5ste l\u00e5sas inifr\u00e5n matsalen.<\/span><\/li>\n<li style=\"font-weight: 400;\" aria-checked=\"false\" aria-level=\"1\"><span style=\"font-weight: 400;\">Kolla blommorna och vattna om det beh\u00f6vs.<\/span><\/li>\n<li style=\"font-weight: 400;\" aria-checked=\"false\" aria-level=\"1\"><span style=\"font-weight: 400;\">L\u00e4mna nycklar till f\u00f6rberedaren f\u00f6r n\u00e4sta dag.<\/span><\/li>\n<\/ul>\n<h2><span style=\"font-weight: 400;\">Extra p\u00e5 TORSDAGAR:<\/span><\/h2>\n<ul>\n<li style=\"font-weight: 400;\" aria-checked=\"false\" aria-level=\"1\"><span style=\"font-weight: 400;\">Diska fl\u00e4ktfiltren.<\/span><\/li>\n<li style=\"font-weight: 400;\" aria-checked=\"false\" aria-level=\"1\"><span style=\"font-weight: 400;\">L\u00e4gg alla anv\u00e4nda textilier (som f\u00f6rkl\u00e4den, handdukar, etc) i tv\u00e4ttkorgen.<\/span><\/li>\n<li style=\"font-weight: 400;\" aria-checked=\"false\" aria-level=\"1\"><span style=\"font-weight: 400;\">L\u00e4gg anv\u00e4nda golvmoppar i en plastp\u00e5se och l\u00e4gg den i tv\u00e4ttkorgen.<\/span><\/li>\n<li style=\"font-weight: 400;\" aria-checked=\"false\" aria-level=\"1\"><span style=\"font-weight: 400;\">G\u00f6r rent sopborstarna.<\/span><\/li>\n<li style=\"font-weight: 400;\" aria-checked=\"false\" aria-level=\"1\"><span style=\"font-weight: 400;\">K\u00f6r ugnens reng\u00f6ringsprogram.<\/span><\/li>\n<li style=\"font-weight: 400;\" aria-checked=\"false\" aria-level=\"1\"><span style=\"font-weight: 400;\">Kontrollera att samtliga maskiner och ytor \u00e4r rengjorda (OBS! Kontrollera speciellt degmaskinen och bordet under som ofta missas).<\/span><\/li>\n<li style=\"font-weight: 400;\" aria-checked=\"false\" aria-level=\"1\"><span style=\"font-weight: 400;\">L\u00e4mna inga matrester i kylarna utan att fr\u00e5ga kommande matlagsansvariga, alt. annonsera i <\/span><a href=\"https:\/\/www.facebook.com\/groups\/172254376131943\"><span style=\"font-weight: 400;\">Facebook-gruppen<\/span><\/a><span style=\"font-weight: 400;\"> och erbjud dina grannar de sista matresterna, och ange sista datum d\u00e5 DU st\u00e4dar undan eventuella rester.<\/span><\/li>\n<li style=\"font-weight: 400;\" aria-checked=\"false\" aria-level=\"1\"><span style=\"font-weight: 400;\">Torka ur kylarna.<\/span><\/li>\n<li style=\"font-weight: 400;\" aria-checked=\"false\" aria-level=\"1\"><span style=\"font-weight: 400;\">Kyl 2 och frys 2 ska vara HELT tomma.<\/span><\/li>\n<\/ul>\n<h2><span style=\"font-weight: 400;\">Instruktion f\u00f6r st\u00e4dning vid \u00f6ppning efter lov.<\/span><\/h2>\n<ul>\n<li style=\"font-weight: 400;\" aria-checked=\"false\" aria-level=\"1\"><span style=\"font-weight: 400;\">St\u00e4da alla ytor (b\u00e4nkar, sk\u00e5p, l\u00e5dor, kakel, bord, stolar, golv).\u00a0<\/span><\/li>\n<li style=\"font-weight: 400;\" aria-checked=\"false\" aria-level=\"1\"><span style=\"font-weight: 400;\">G\u00e5 igenom l\u00e5dor och sk\u00e5p och se att saker ligger p\u00e5 r\u00e4tt plats (se lista p\u00e5 v\u00e4ggen).\u00a0<\/span><\/li>\n<li style=\"font-weight: 400;\" aria-checked=\"false\" aria-level=\"1\"><span style=\"font-weight: 400;\">G\u00f6r rent ugn, spis och kylen i k\u00f6ket. Kasta gammal mat.<\/span><\/li>\n<li style=\"font-weight: 400;\" aria-checked=\"false\" aria-level=\"1\"><span style=\"font-weight: 400;\">St\u00e4da diskrummet.<\/span><\/li>\n<li style=\"font-weight: 400;\" aria-checked=\"false\" aria-level=\"1\"><span style=\"font-weight: 400;\">Fyll p\u00e5 hush\u00e5llspapper, diskmedel, tv\u00e5l, pappershanddukar och sopp\u00e5sar (finns i f\u00f6rr\u00e5det).\u00a0<\/span><\/li>\n<li style=\"font-weight: 400;\" aria-checked=\"false\" aria-level=\"1\"><span style=\"font-weight: 400;\">St\u00e4da toan i korridoren. Fyll p\u00e5 toapapper, tv\u00e5l och pappershanddukar.<\/span><\/li>\n<li style=\"font-weight: 400;\" aria-checked=\"false\" aria-level=\"1\"><span style=\"font-weight: 400;\">Torka av serveringsvagnarna.\u00a0<\/span><\/li>\n<\/ul>\n<p><span style=\"font-weight: 400;\">Varje pass \u00e4r 2,5 timma. Om det finns tid, st\u00e4da \u00e4ven biblioteket.<\/span><\/p>\n<\/div>\n<\/div>\n<\/div>\n<\/div>\n","protected":false},"excerpt":{"rendered":"<p>Matlagningspass kl 15:00-17:30 Matlagningen g\u00f6rs fr\u00e5n kl 15:00 till serveringen 17:30. Tv\u00e5 personer b\u00f6rjar laga mat senast kl. 15:00. B\u00f6rja med att starta diskmaskinen, som tar l\u00e5ng till att v\u00e4rma upp sig. Matlagarna lagar maten enligt recept. Matlagarna ansvarar f\u00f6r att st\u00e4lla tillbaka varor som anv\u00e4nts under matlagningen. Instruktion s\u00e4tta p\u00e5 diskmaskinen Starta elen p\u00e5 &hellip; <\/p>\n<p class=\"link-more\"><a href=\"https:\/\/sodrastation.org\/?page_id=457\" class=\"more-link\">Forts\u00e4tt l\u00e4sa<span class=\"screen-reader-text\"> \u201dMatlagningspass\u201d<\/span><\/a><\/p>\n","protected":false},"author":1,"featured_media":0,"parent":0,"menu_order":0,"comment_status":"closed","ping_status":"closed","template":"","meta":{"footnotes":""},"class_list":["post-457","page","type-page","status-publish","hentry"],"jetpack_shortlink":"https:\/\/wp.me\/P4aZOx-7n","jetpack_sharing_enabled":true,"_links":{"self":[{"href":"https:\/\/sodrastation.org\/index.php?rest_route=\/wp\/v2\/pages\/457","targetHints":{"allow":["GET"]}}],"collection":[{"href":"https:\/\/sodrastation.org\/index.php?rest_route=\/wp\/v2\/pages"}],"about":[{"href":"https:\/\/sodrastation.org\/index.php?rest_route=\/wp\/v2\/types\/page"}],"author":[{"embeddable":true,"href":"https:\/\/sodrastation.org\/index.php?rest_route=\/wp\/v2\/users\/1"}],"replies":[{"embeddable":true,"href":"https:\/\/sodrastation.org\/index.php?rest_route=%2Fwp%2Fv2%2Fcomments&post=457"}],"version-history":[{"count":3,"href":"https:\/\/sodrastation.org\/index.php?rest_route=\/wp\/v2\/pages\/457\/revisions"}],"predecessor-version":[{"id":1171,"href":"https:\/\/sodrastation.org\/index.php?rest_route=\/wp\/v2\/pages\/457\/revisions\/1171"}],"wp:attachment":[{"href":"https:\/\/sodrastation.org\/index.php?rest_route=%2Fwp%2Fv2%2Fmedia&parent=457"}],"curies":[{"name":"wp","href":"https:\/\/api.w.org\/{rel}","templated":true}]}}