{"id":468,"date":"2018-05-19T22:45:49","date_gmt":"2018-05-19T22:45:49","guid":{"rendered":"http:\/\/sodrastation.org\/?page_id=468"},"modified":"2023-01-07T17:55:26","modified_gmt":"2023-01-07T17:55:26","slug":"matbestallning-och-matmottagning","status":"publish","type":"page","link":"https:\/\/sodrastation.org\/?page_id=468","title":{"rendered":"Matbest\u00e4llning och matmottagning"},"content":{"rendered":"<div class=\"page\" title=\"Page 14\">\n<div class=\"section\">\n<div class=\"layoutArea\">\n<div class=\"column\">\n<p><span style=\"font-weight: 400;\">F\u00f6rr\u00e5den inventeras regelbundet av matlagsansvarig, som ocks\u00e5 best\u00e4ller matvaror som tas emot varje fredag. Om n\u00e5got skulle saknas i k\u00f6ket f\u00e5r den som kompletteringshandlar tillbaka sina utl\u00e4gg genom att l\u00e4mna kvitto i postl\u00e5dan inne i matsalen, s\u00e5 \u00e5terbetalar kass\u00f6ren. R\u00e5dg\u00f6r med matlagsansvarig innan du handlar. N\u00e4stan alltid finns allt, men det kan vara sv\u00e5rt att hitta.<\/span><\/p>\n<\/div>\n<\/div>\n<\/div>\n<\/div>\n","protected":false},"excerpt":{"rendered":"<p>F\u00f6rr\u00e5den inventeras regelbundet av matlagsansvarig, som ocks\u00e5 best\u00e4ller matvaror som tas emot varje fredag. Om n\u00e5got skulle saknas i k\u00f6ket f\u00e5r den som kompletteringshandlar tillbaka sina utl\u00e4gg genom att l\u00e4mna kvitto i postl\u00e5dan inne i matsalen, s\u00e5 \u00e5terbetalar kass\u00f6ren. R\u00e5dg\u00f6r med matlagsansvarig innan du handlar. N\u00e4stan alltid finns allt, men det kan vara sv\u00e5rt att &hellip; <\/p>\n<p class=\"link-more\"><a href=\"https:\/\/sodrastation.org\/?page_id=468\" class=\"more-link\">Forts\u00e4tt l\u00e4sa<span class=\"screen-reader-text\"> \u201dMatbest\u00e4llning och matmottagning\u201d<\/span><\/a><\/p>\n","protected":false},"author":1,"featured_media":0,"parent":0,"menu_order":0,"comment_status":"closed","ping_status":"closed","template":"","meta":{"footnotes":""},"class_list":["post-468","page","type-page","status-publish","hentry"],"jetpack_shortlink":"https:\/\/wp.me\/P4aZOx-7y","jetpack_sharing_enabled":true,"_links":{"self":[{"href":"https:\/\/sodrastation.org\/index.php?rest_route=\/wp\/v2\/pages\/468","targetHints":{"allow":["GET"]}}],"collection":[{"href":"https:\/\/sodrastation.org\/index.php?rest_route=\/wp\/v2\/pages"}],"about":[{"href":"https:\/\/sodrastation.org\/index.php?rest_route=\/wp\/v2\/types\/page"}],"author":[{"embeddable":true,"href":"https:\/\/sodrastation.org\/index.php?rest_route=\/wp\/v2\/users\/1"}],"replies":[{"embeddable":true,"href":"https:\/\/sodrastation.org\/index.php?rest_route=%2Fwp%2Fv2%2Fcomments&post=468"}],"version-history":[{"count":4,"href":"https:\/\/sodrastation.org\/index.php?rest_route=\/wp\/v2\/pages\/468\/revisions"}],"predecessor-version":[{"id":1167,"href":"https:\/\/sodrastation.org\/index.php?rest_route=\/wp\/v2\/pages\/468\/revisions\/1167"}],"wp:attachment":[{"href":"https:\/\/sodrastation.org\/index.php?rest_route=%2Fwp%2Fv2%2Fmedia&parent=468"}],"curies":[{"name":"wp","href":"https:\/\/api.w.org\/{rel}","templated":true}]}}