{"id":472,"date":"2018-05-19T22:48:41","date_gmt":"2018-05-19T22:48:41","guid":{"rendered":"http:\/\/sodrastation.org\/?page_id=472"},"modified":"2025-02-26T15:13:44","modified_gmt":"2025-02-26T15:13:44","slug":"gastrummet","status":"publish","type":"page","link":"https:\/\/sodrastation.org\/?page_id=472","title":{"rendered":"G\u00e4strummet"},"content":{"rendered":"<p><span style=\"font-weight: 400;\">Brf M\u00e5ttbandet har g\u00e4stl\u00e4genheter som du kan l\u00e4sa mer om p\u00e5<\/span><a href=\"http:\/\/mattbandet.se\/gastlagenheter\/\"> <span style=\"font-weight: 400;\">bostadsr\u00e4ttsf\u00f6reningens hemsida.<\/span><\/a><span style=\"font-weight: 400;\"> Ut\u00f6ver dessa s\u00e5 har kollektivhusf\u00f6reningen ett g\u00e4strum.<\/span><\/p>\n<p><span style=\"font-weight: 400;\">G\u00e4strummet ligger i korridoren mitt emot matsalen och kostar 100 kronor per natt. Det \u00e4r ett enklare rum med tv\u00e5 b\u00e4ddar men utan dusch och kokvr\u00e5. Boende i g\u00e4strummet kan anv\u00e4nda toaletten i korridoren. Du kan bara boka sju n\u00e4tter i taget, men de beh\u00f6ver inte vara sammanh\u00e4ngande. Bokning sker p\u00e5 kalendern p\u00e5 anslagstavlan utanf\u00f6r matsalen.<\/span><\/p>\n<h1><span style=\"font-weight: 400;\">Regler g\u00e4strummet<\/span><\/h1>\n<p><span style=\"font-weight: 400;\">Bokning av g\u00e4strummet f\u00f6ruts\u00e4tter att medlemsavgiften till kollektivhusf\u00f6reningen \u00e4r betald.<\/span><\/p>\n<p><span style=\"font-weight: 400;\">Medlemsavgift: 250 kronor per \u00e5r och per vuxen familjemedlem. Plusgiro 30 35 23-5 eller swish 123 133 3855.<\/span><\/p>\n<p><span style=\"font-weight: 400;\">Vid bokning: Betala in 100 kronor per natt, till samma plusgiro eller swishnummer.<\/span><\/p>\n<p><span style=\"font-weight: 400;\">Incheckning tidigast 12.00, utcheckning senast 12.00. Rummet l\u00e4mnas st\u00e4dat.<\/span><\/p>\n<h1><span style=\"font-weight: 400;\">S\u00e5 funkar g\u00e4strummet<\/span><\/h1>\n<h2><span style=\"font-weight: 400;\">V\u00e4lkommen till Kollektivhusf\u00f6reningens g\u00e4strum!\u00a0<\/span><\/h2>\n<p><span style=\"font-weight: 400;\">Vi hoppas att du kommer att trivas i v\u00e5rt g\u00e4strum. Vi kan h\u00e5lla det l\u00e5ga priset om 100 kronor\/natt tack vare att alla st\u00e4dar efter sig. H\u00e4r st\u00e4dar allts\u00e5 inte n\u00e5got st\u00e4df\u00f6retag. D\u00e4rf\u00f6r \u00e4r det viktigt att du l\u00e4mnar rummet i det skick du sj\u00e4lv vill finna det.\u00a0<\/span><\/p>\n<p><span style=\"font-weight: 400;\">H\u00e4r finns s\u00e4ngar, t\u00e4cken och kuddar f\u00f6r tv\u00e5 personer, och st\u00e4dutrustning som dammsugare, svabb och reng\u00f6ringsmedel.\u00a0<\/span><\/p>\n<p><span style=\"font-weight: 400;\">Du m\u00e5ste sj\u00e4lv ha med dig lakan och se till att det alltid finns ett par rullar toapapper p\u00e5 toaletten. Tala med den som har bokat l\u00e4genheten \u00e5t dig om det saknas.<\/span><\/p>\n<h2><span style=\"font-weight: 400;\">Ordningsregler<\/span><span style=\"font-weight: 400;\"><br \/>\n<\/span><\/h2>\n<ul>\n<li style=\"font-weight: 400;\" aria-level=\"1\"><span style=\"font-weight: 400;\">Incheckning sker tidigast kl. 12 ankomstdagen och utcheckning senast kl. 12 avresedagen.<\/span><\/li>\n<li style=\"font-weight: 400;\" aria-level=\"1\"><span style=\"font-weight: 400;\">Rummet ska l\u00e4mnas st\u00e4dat och m\u00f6blerat p\u00e5 samma s\u00e4tt som vid incheckning.\u00a0<\/span><\/li>\n<li style=\"font-weight: 400;\" aria-level=\"1\"><span style=\"font-weight: 400;\">R\u00f6kning \u00e4r inte till\u00e5ten inomhus.\u00a0<\/span><\/li>\n<li style=\"font-weight: 400;\" aria-level=\"1\"><span style=\"font-weight: 400;\">Husdjur \u00e4r inte till\u00e5tna.\u00a0<\/span><\/li>\n<\/ul>\n<h2><span style=\"font-weight: 400;\">Regler f\u00f6r st\u00e4dning:\u00a0<\/span><\/h2>\n<ul>\n<li style=\"font-weight: 400;\" aria-checked=\"false\" aria-level=\"1\"><span style=\"font-weight: 400;\">Dammsug \u00f6verallt, \u00e4ven under s\u00e4ngarna.\u00a0<\/span><\/li>\n<li style=\"font-weight: 400;\" aria-checked=\"false\" aria-level=\"1\"><span style=\"font-weight: 400;\">Torka av alla ytor som s\u00e4ngbordet, bordet och under s\u00e4ngarna.\u00a0<\/span><\/li>\n<li style=\"font-weight: 400;\" aria-checked=\"false\" aria-level=\"1\"><span style=\"font-weight: 400;\">Reng\u00f6r toalett och handfat i korridoren.\u00a0<\/span><\/li>\n<li style=\"font-weight: 400;\" aria-checked=\"false\" aria-level=\"1\"><span style=\"font-weight: 400;\">Sl\u00e4ng soporna i sopnedkastet i korridoren.\u00a0<\/span><\/li>\n<\/ul>\n<p><span style=\"font-weight: 400;\">Om problem uppst\u00e5r fr\u00e5gar du f\u00f6rst din v\u00e4n i huset om hj\u00e4lp.<\/span><\/p>\n","protected":false},"excerpt":{"rendered":"<p>Brf M\u00e5ttbandet har g\u00e4stl\u00e4genheter som du kan l\u00e4sa mer om p\u00e5 bostadsr\u00e4ttsf\u00f6reningens hemsida. Ut\u00f6ver dessa s\u00e5 har kollektivhusf\u00f6reningen ett g\u00e4strum. G\u00e4strummet ligger i korridoren mitt emot matsalen och kostar 100 kronor per natt. Det \u00e4r ett enklare rum med tv\u00e5 b\u00e4ddar men utan dusch och kokvr\u00e5. Boende i g\u00e4strummet kan anv\u00e4nda toaletten i korridoren. Du &hellip; <\/p>\n<p class=\"link-more\"><a href=\"https:\/\/sodrastation.org\/?page_id=472\" class=\"more-link\">Forts\u00e4tt l\u00e4sa<span class=\"screen-reader-text\"> \u201dG\u00e4strummet\u201d<\/span><\/a><\/p>\n","protected":false},"author":1,"featured_media":0,"parent":0,"menu_order":0,"comment_status":"closed","ping_status":"closed","template":"","meta":{"jetpack_post_was_ever_published":false,"footnotes":""},"class_list":["post-472","page","type-page","status-publish","hentry"],"jetpack_shortlink":"https:\/\/wp.me\/P4aZOx-7C","jetpack_sharing_enabled":true,"_links":{"self":[{"href":"https:\/\/sodrastation.org\/index.php?rest_route=\/wp\/v2\/pages\/472","targetHints":{"allow":["GET"]}}],"collection":[{"href":"https:\/\/sodrastation.org\/index.php?rest_route=\/wp\/v2\/pages"}],"about":[{"href":"https:\/\/sodrastation.org\/index.php?rest_route=\/wp\/v2\/types\/page"}],"author":[{"embeddable":true,"href":"https:\/\/sodrastation.org\/index.php?rest_route=\/wp\/v2\/users\/1"}],"replies":[{"embeddable":true,"href":"https:\/\/sodrastation.org\/index.php?rest_route=%2Fwp%2Fv2%2Fcomments&post=472"}],"version-history":[{"count":5,"href":"https:\/\/sodrastation.org\/index.php?rest_route=\/wp\/v2\/pages\/472\/revisions"}],"predecessor-version":[{"id":1282,"href":"https:\/\/sodrastation.org\/index.php?rest_route=\/wp\/v2\/pages\/472\/revisions\/1282"}],"wp:attachment":[{"href":"https:\/\/sodrastation.org\/index.php?rest_route=%2Fwp%2Fv2%2Fmedia&parent=472"}],"curies":[{"name":"wp","href":"https:\/\/api.w.org\/{rel}","templated":true}]}}