{"id":474,"date":"2018-05-19T22:49:15","date_gmt":"2018-05-19T22:49:15","guid":{"rendered":"http:\/\/sodrastation.org\/?page_id=474"},"modified":"2023-01-07T17:04:49","modified_gmt":"2023-01-07T17:04:49","slug":"kafeet","status":"publish","type":"page","link":"https:\/\/sodrastation.org\/?page_id=474","title":{"rendered":"Kaf\u00e9et"},"content":{"rendered":"<div class=\"page\" title=\"Page 15\">\n<div class=\"section\">\n<div class=\"layoutArea\">\n<div class=\"column\">\n<p><span style=\"font-weight: 400;\">L\u00e4ngst ner i trapphus 19 finns kaf\u00e9et som anv\u00e4nds som m\u00f6teslokal, tr\u00e4ffpunkt, till kaf\u00e9kv\u00e4llar och annat. D\u00e4r finns ocks\u00e5 ett pingisbord, piano och darttavla. Bokning av kaf\u00e9et g\u00f6rs p\u00e5 almanackan som sitter p\u00e5 anslagstavlan utanf\u00f6r matsalen. Kaf\u00e9et f\u00e5r anv\u00e4ndas till kl 22. D\u00e4refter ska det vara tyst med h\u00e4nsyn till grannarna. Undantag g\u00f6rs f\u00f6r kollektivhusf\u00f6reningens gemensamma fester, till exempel ny\u00e5rsfesten, som f\u00e5r h\u00e5lla p\u00e5 l\u00e4ngre.<\/span><\/p>\n<p><span style=\"font-weight: 400;\">Den som har anv\u00e4nt lokalerna ser till att det st\u00e4das efter\u00e5t. Allts\u00e5 b\u00f6r exempelvis stolar och bord st\u00e4llas tillbaka d\u00e4r man tog dem (d.v.s. i och utanf\u00f6r ena bastun, som f\u00f6r tillf\u00e4llet anv\u00e4nds som f\u00f6rr\u00e5d), s\u00e5 att kaf\u00e9t inte ser ut som ett f\u00f6rr\u00e5d utan kan anv\u00e4ndas f\u00f6r pingis och annat h\u00e4ng. Vuxna ansvarar f\u00f6r sina barn vad g\u00e4ller st\u00e4dning och ordning.\u00a0<\/span><\/p>\n<p><span style=\"font-weight: 400;\">Samma gr\u00e4ns g\u00e4ller vid alkoholf\u00f6rt\u00e4ring som i \u00f6vriga samh\u00e4llet, allts\u00e5 18 \u00e5r.<\/span><\/p>\n<h1><span style=\"font-weight: 400;\">Regler f\u00f6r kaf\u00e9et<\/span><\/h1>\n<ul>\n<li><span style=\"font-weight: 400;\">I lokalen f\u00e5r medlemmar i kollektivhusf\u00f6reningen vara.<\/span><\/li>\n<li><span style=\"font-weight: 400;\">Du f\u00e5r g\u00e4rna ha med n\u00e5gra v\u00e4nner ocks\u00e5, men d\u00e5 ska de vara d\u00e4r tillsammans med dig.<\/span><\/li>\n<li><span style=\"font-weight: 400;\">Och gl\u00f6m inte att st\u00e4da efter er!<\/span><\/li>\n<\/ul>\n<\/div>\n<\/div>\n<\/div>\n<\/div>\n","protected":false},"excerpt":{"rendered":"<p>L\u00e4ngst ner i trapphus 19 finns kaf\u00e9et som anv\u00e4nds som m\u00f6teslokal, tr\u00e4ffpunkt, till kaf\u00e9kv\u00e4llar och annat. D\u00e4r finns ocks\u00e5 ett pingisbord, piano och darttavla. Bokning av kaf\u00e9et g\u00f6rs p\u00e5 almanackan som sitter p\u00e5 anslagstavlan utanf\u00f6r matsalen. Kaf\u00e9et f\u00e5r anv\u00e4ndas till kl 22. D\u00e4refter ska det vara tyst med h\u00e4nsyn till grannarna. Undantag g\u00f6rs f\u00f6r kollektivhusf\u00f6reningens &hellip; <\/p>\n<p class=\"link-more\"><a href=\"https:\/\/sodrastation.org\/?page_id=474\" class=\"more-link\">Forts\u00e4tt l\u00e4sa<span class=\"screen-reader-text\"> \u201dKaf\u00e9et\u201d<\/span><\/a><\/p>\n","protected":false},"author":1,"featured_media":157,"parent":0,"menu_order":0,"comment_status":"closed","ping_status":"closed","template":"","meta":{"jetpack_post_was_ever_published":false,"footnotes":""},"class_list":["post-474","page","type-page","status-publish","has-post-thumbnail","hentry"],"jetpack_shortlink":"https:\/\/wp.me\/P4aZOx-7E","jetpack_sharing_enabled":true,"_links":{"self":[{"href":"https:\/\/sodrastation.org\/index.php?rest_route=\/wp\/v2\/pages\/474","targetHints":{"allow":["GET"]}}],"collection":[{"href":"https:\/\/sodrastation.org\/index.php?rest_route=\/wp\/v2\/pages"}],"about":[{"href":"https:\/\/sodrastation.org\/index.php?rest_route=\/wp\/v2\/types\/page"}],"author":[{"embeddable":true,"href":"https:\/\/sodrastation.org\/index.php?rest_route=\/wp\/v2\/users\/1"}],"replies":[{"embeddable":true,"href":"https:\/\/sodrastation.org\/index.php?rest_route=%2Fwp%2Fv2%2Fcomments&post=474"}],"version-history":[{"count":6,"href":"https:\/\/sodrastation.org\/index.php?rest_route=\/wp\/v2\/pages\/474\/revisions"}],"predecessor-version":[{"id":1155,"href":"https:\/\/sodrastation.org\/index.php?rest_route=\/wp\/v2\/pages\/474\/revisions\/1155"}],"wp:featuredmedia":[{"embeddable":true,"href":"https:\/\/sodrastation.org\/index.php?rest_route=\/wp\/v2\/media\/157"}],"wp:attachment":[{"href":"https:\/\/sodrastation.org\/index.php?rest_route=%2Fwp%2Fv2%2Fmedia&parent=474"}],"curies":[{"name":"wp","href":"https:\/\/api.w.org\/{rel}","templated":true}]}}