{"id":479,"date":"2018-05-19T22:51:28","date_gmt":"2018-05-19T22:51:28","guid":{"rendered":"http:\/\/sodrastation.org\/?page_id=479"},"modified":"2023-01-07T16:24:22","modified_gmt":"2023-01-07T16:24:22","slug":"bastu","status":"publish","type":"page","link":"https:\/\/sodrastation.org\/?page_id=479","title":{"rendered":"Gemensam bastu"},"content":{"rendered":"<div class=\"page\" title=\"Page 15\">\n<div class=\"section\">\n<div class=\"layoutArea\">\n<div class=\"column\">\n<p><span style=\"font-weight: 400;\">L\u00e4ngst ner i trapphus 19 (Magnus Ladul\u00e5sgatan) finns en bastu, som \u00e4r gemensam f\u00f6r hela Brf M\u00e5ttbandet. Bastun bokar du genom att skriva upp dig p\u00e5 en lista utanf\u00f6r bastun. Bastun f\u00e5r endast bokas en g\u00e5ng i taget, tv\u00e5 timmar per g\u00e5ng. Skriv upp start- och sluttid samt namn och telefonnummer.\u00a0<\/span><\/p>\n<p><span style=\"font-weight: 400;\">Barn under 15 \u00e5r f\u00e5r inte vara i bastun utan vuxens s\u00e4llskap. Den som anv\u00e4nder bastun ansvarar f\u00f6r att st\u00e4da lokalerna och sl\u00e4nga soporna.<\/span><\/p>\n<h1><span style=\"font-weight: 400;\">Regler f\u00f6r bastun<\/span><\/h1>\n<ul>\n<li style=\"font-weight: 400;\" aria-level=\"1\"><span style=\"font-weight: 400;\">Boka bara ett tillf\u00e4lle \u00e0 tv\u00e5 timmar \u00e5t g\u00e5ngen.<\/span><\/li>\n<li style=\"font-weight: 400;\" aria-level=\"1\"><span style=\"font-weight: 400;\">Ange start- och sluttid.<\/span><\/li>\n<li style=\"font-weight: 400;\" aria-level=\"1\"><span style=\"font-weight: 400;\">Skriv upp ditt telefonnummer eller e-post.<\/span><\/li>\n<li style=\"font-weight: 400;\" aria-level=\"1\"><span style=\"font-weight: 400;\">Barn under 15 \u00e5r f\u00e5r inte vara i bastun utan vuxens s\u00e4llskap<\/span><\/li>\n<\/ul>\n<p><span style=\"font-weight: 400;\">Efter badet:<\/span><\/p>\n<ul>\n<li style=\"font-weight: 400;\" aria-level=\"1\"><span style=\"font-weight: 400;\">Ta bort vatten och torka golvet. Se till att kranarna \u00e4r avst\u00e4ngda.<\/span><\/li>\n<li style=\"font-weight: 400;\" aria-level=\"1\"><span style=\"font-weight: 400;\">Sl\u00e4ng skr\u00e4p i sopp\u00e5sen p\u00e5 toaletten och ta med p\u00e5sen till sopnedkastet.<\/span><\/li>\n<\/ul>\n<h1><span style=\"font-weight: 400;\">S\u00e5 funkar bastun<\/span><\/h1>\n<p><span style=\"font-weight: 400;\">Tidsinst\u00e4llning<\/span><\/p>\n<p><span style=\"font-weight: 400;\">De f\u00f6rsta siffrorna 1-2-3 anger inkopplingstiden (det vill s\u00e4ga hur l\u00e4nge bastun ska vara p\u00e5), de f\u00f6ljande 9 siffrorna \u00e4r f\u00f6rvalstiden.<\/span><\/p>\n<p><span style=\"font-weight: 400;\">F\u00f6r att st\u00e4lla in tiden vid direktstart (det vill s\u00e4ga om du vill starta bastun nu, ingen timer): Vrid f\u00f6rbi den f\u00f6rsta 3h och d\u00e4refter tillbaka till \u00f6nskad inkopplingstid (1h, 2h eller 3h). Timern st\u00e4nger automatiskt av i l\u00e4ge Oh.<\/span><\/p>\n<p><span style=\"font-weight: 400;\">F\u00f6r att st\u00e4lla in tiden vid automatisk start: Vrid till markering 9h och d\u00e4refter tillbaka till \u00f6nskad f\u00f6rvalstid (= tid innan aggregatet automatiskt kopplas p\u00e5). Timern st\u00e4nger automatiskt av i l\u00e4ge Oh.<\/span><\/p>\n<p><span style=\"font-weight: 400;\">Du kan n\u00e4r som helst vrida fram eller tillbaka, t. ex. f\u00f6r att manuellt st\u00e4nga av bastun (vrid till l\u00e4get Oh) eller f\u00f6r att \u00e4ndra en redan gjord inst\u00e4llning.<\/span><\/p>\n<p><span style=\"font-weight: 400;\">Temperaturinst\u00e4llning<\/span><\/p>\n<p><span style=\"font-weight: 400;\">Termostatens vred anger en stigande v\u00e4rmeskala. Pr\u00f6va dig fram till den badtemperatur som passar dig b\u00e4st (i regel 70\u201380 grader celsius). Sedan kan du l\u00e5ta temperaturinst\u00e4llningen st\u00e5 kvar i detta l\u00e4ge.<\/span><\/p>\n<p>\u00a0<\/p>\n<\/div>\n<\/div>\n<\/div>\n<\/div>\n\n\n<figure class=\"wp-block-image size-full\"><a href=\"https:\/\/sodrastation.org\/wp-content\/uploads\/2023\/01\/Picture1.png\"><img loading=\"lazy\" decoding=\"async\" width=\"605\" height=\"429\" src=\"https:\/\/sodrastation.org\/wp-content\/uploads\/2023\/01\/Picture1.png\" alt=\"\" class=\"wp-image-1139\" srcset=\"https:\/\/sodrastation.org\/wp-content\/uploads\/2023\/01\/Picture1.png 605w, https:\/\/sodrastation.org\/wp-content\/uploads\/2023\/01\/Picture1-300x213.png 300w\" sizes=\"auto, (max-width: 605px) 100vw, 605px\" \/><\/a><\/figure>\n","protected":false},"excerpt":{"rendered":"<p>L\u00e4ngst ner i trapphus 19 (Magnus Ladul\u00e5sgatan) finns en bastu, som \u00e4r gemensam f\u00f6r hela Brf M\u00e5ttbandet. Bastun bokar du genom att skriva upp dig p\u00e5 en lista utanf\u00f6r bastun. Bastun f\u00e5r endast bokas en g\u00e5ng i taget, tv\u00e5 timmar per g\u00e5ng. Skriv upp start- och sluttid samt namn och telefonnummer.\u00a0 Barn under 15 \u00e5r &hellip; <\/p>\n<p class=\"link-more\"><a href=\"https:\/\/sodrastation.org\/?page_id=479\" class=\"more-link\">Forts\u00e4tt l\u00e4sa<span class=\"screen-reader-text\"> \u201dGemensam bastu\u201d<\/span><\/a><\/p>\n","protected":false},"author":1,"featured_media":155,"parent":0,"menu_order":0,"comment_status":"closed","ping_status":"closed","template":"","meta":{"jetpack_post_was_ever_published":false,"footnotes":""},"class_list":["post-479","page","type-page","status-publish","has-post-thumbnail","hentry"],"jetpack_shortlink":"https:\/\/wp.me\/P4aZOx-7J","jetpack_sharing_enabled":true,"_links":{"self":[{"href":"https:\/\/sodrastation.org\/index.php?rest_route=\/wp\/v2\/pages\/479","targetHints":{"allow":["GET"]}}],"collection":[{"href":"https:\/\/sodrastation.org\/index.php?rest_route=\/wp\/v2\/pages"}],"about":[{"href":"https:\/\/sodrastation.org\/index.php?rest_route=\/wp\/v2\/types\/page"}],"author":[{"embeddable":true,"href":"https:\/\/sodrastation.org\/index.php?rest_route=\/wp\/v2\/users\/1"}],"replies":[{"embeddable":true,"href":"https:\/\/sodrastation.org\/index.php?rest_route=%2Fwp%2Fv2%2Fcomments&post=479"}],"version-history":[{"count":5,"href":"https:\/\/sodrastation.org\/index.php?rest_route=\/wp\/v2\/pages\/479\/revisions"}],"predecessor-version":[{"id":1140,"href":"https:\/\/sodrastation.org\/index.php?rest_route=\/wp\/v2\/pages\/479\/revisions\/1140"}],"wp:featuredmedia":[{"embeddable":true,"href":"https:\/\/sodrastation.org\/index.php?rest_route=\/wp\/v2\/media\/155"}],"wp:attachment":[{"href":"https:\/\/sodrastation.org\/index.php?rest_route=%2Fwp%2Fv2%2Fmedia&parent=479"}],"curies":[{"name":"wp","href":"https:\/\/api.w.org\/{rel}","templated":true}]}}