{"id":48,"date":"2013-11-22T12:55:22","date_gmt":"2013-11-22T12:55:22","guid":{"rendered":"http:\/\/sodrastation.josefsahlin.se\/?page_id=48"},"modified":"2023-03-14T07:11:28","modified_gmt":"2023-03-14T07:11:28","slug":"kontakt","status":"publish","type":"page","link":"https:\/\/sodrastation.org\/?page_id=48","title":{"rendered":"Kontakt"},"content":{"rendered":"\n<p><\/p>\n\n\n\n<p>Styrelsen n\u00e5s p\u00e5 mejlen <a href=\"mailto:kollektivhusetsodrastation@gmail.com\"><a href=\"mailto:kollektivhusetsodrastation@gmail.com\">kollektivhusetsodrastation@gmail.com<\/a><\/a><\/p>\n\n\n\n<p>Den som vill f\u00e5 information om n\u00e4r en l\u00e4genhet \u00e4r till salu eller bli inbjuden till n\u00e4sta \u00f6ppet hus kan anm\u00e4la sig till <a href=\"mailto:sofia.rickberg@gmail.com\"><a href=\"mailto:sofia.rickberg@gmail.com\">sofia.rickberg@gmail.com<\/a><\/a> <\/p>\n\n\n\n<p>Bes\u00f6ksadress: Magnus Ladul\u00e5sgatan 15\u201321, 118 65 Stockholm<\/p>\n\n\n\n<p>Postadress: Lehusens gr\u00e4nd 4, 118 65 Stockholm<\/p>\n\n\n\n<p>Organisationsnummer: 802013-3768.<\/p>\n\n\n\n<p><em>Stockholms stadsmission och deras <\/em><a href=\"https:\/\/www.stadsmissionen.se\/fa-stod\/hemloshet\/nattjouren-akut-stod-personer-i-hemloshet\"><em>Upps\u00f6karteam <\/em><\/a><em>n\u00e5s p\u00e5 +46 20 78 78 60 m\u00e5ndag\u2013fredag 09.00\u201301.30 och l\u00f6rdag\u2013s\u00f6ndag 18.00\u201301.30 om du ser n\u00e5gon som du tror skulle beh\u00f6va deras hj\u00e4lp.<\/em><\/p>\n","protected":false},"excerpt":{"rendered":"<p>Styrelsen n\u00e5s p\u00e5 mejlen kollektivhusetsodrastation@gmail.com Den som vill f\u00e5 information om n\u00e4r en l\u00e4genhet \u00e4r till salu eller bli inbjuden till n\u00e4sta \u00f6ppet hus kan anm\u00e4la sig till sofia.rickberg@gmail.com Bes\u00f6ksadress: Magnus Ladul\u00e5sgatan 15\u201321, 118 65 Stockholm Postadress: Lehusens gr\u00e4nd 4, 118 65 Stockholm Organisationsnummer: 802013-3768. Stockholms stadsmission och deras Upps\u00f6karteam n\u00e5s p\u00e5 +46 20 78 &hellip; <\/p>\n<p class=\"link-more\"><a href=\"https:\/\/sodrastation.org\/?page_id=48\" class=\"more-link\">Forts\u00e4tt l\u00e4sa<span class=\"screen-reader-text\"> \u201dKontakt\u201d<\/span><\/a><\/p>\n","protected":false},"author":1,"featured_media":0,"parent":0,"menu_order":0,"comment_status":"closed","ping_status":"closed","template":"","meta":{"jetpack_post_was_ever_published":false,"footnotes":""},"class_list":["post-48","page","type-page","status-publish","hentry"],"jetpack_shortlink":"https:\/\/wp.me\/P4aZOx-M","jetpack_sharing_enabled":true,"_links":{"self":[{"href":"https:\/\/sodrastation.org\/index.php?rest_route=\/wp\/v2\/pages\/48","targetHints":{"allow":["GET"]}}],"collection":[{"href":"https:\/\/sodrastation.org\/index.php?rest_route=\/wp\/v2\/pages"}],"about":[{"href":"https:\/\/sodrastation.org\/index.php?rest_route=\/wp\/v2\/types\/page"}],"author":[{"embeddable":true,"href":"https:\/\/sodrastation.org\/index.php?rest_route=\/wp\/v2\/users\/1"}],"replies":[{"embeddable":true,"href":"https:\/\/sodrastation.org\/index.php?rest_route=%2Fwp%2Fv2%2Fcomments&post=48"}],"version-history":[{"count":21,"href":"https:\/\/sodrastation.org\/index.php?rest_route=\/wp\/v2\/pages\/48\/revisions"}],"predecessor-version":[{"id":1213,"href":"https:\/\/sodrastation.org\/index.php?rest_route=\/wp\/v2\/pages\/48\/revisions\/1213"}],"wp:attachment":[{"href":"https:\/\/sodrastation.org\/index.php?rest_route=%2Fwp%2Fv2%2Fmedia&parent=48"}],"curies":[{"name":"wp","href":"https:\/\/api.w.org\/{rel}","templated":true}]}}