{"id":482,"date":"2018-05-19T22:54:19","date_gmt":"2018-05-19T22:54:19","guid":{"rendered":"http:\/\/sodrastation.org\/?page_id=482"},"modified":"2026-02-04T18:12:40","modified_gmt":"2026-02-04T18:12:40","slug":"ovriga-lokaler","status":"publish","type":"page","link":"https:\/\/sodrastation.org\/?page_id=482","title":{"rendered":"Verksamhetsrummen och \u00f6vriga lokaler"},"content":{"rendered":"<h1><span style=\"font-weight: 400;\">Verksamhetsrummen<\/span><\/h1>\n<p><span style=\"font-weight: 400;\">Andra gemensamma rum i kollektivhusf\u00f6reningen \u00e4r kuddrummet f\u00f6r barn i korridoren, syrum\/konto, snickarrum och m\u00e5larrum. Hobbyrummen kommer du in i med nyckelbricka. Undantaget \u00e4r kuddrummet och musikrummet l\u00e4ngst ner i nr 19, som har egna nycklar.<\/span><\/p>\n<h2><span style=\"font-weight: 400;\">Kuddrummet<\/span><\/h2>\n<p><span style=\"font-weight: 400;\">Yngre barn har f\u00f6retr\u00e4de i anslutning till matsalstiderna (17:30\u201319:00). Lekarna ska anpassas till de mindre barnen, inga v\u00e5ldsamma kuddkrig till exempel. Alla ska f\u00e5 vara med. Mat, godis, dryck och uteskor ska inte vara i kuddrummet. Det \u00e4r inte till\u00e5tet att l\u00e5sa fr\u00e5n insidan. Nyckeln ligger i matsalen, i f\u00f6rsta l\u00e5dan i serveringsm\u00f6beln.<\/span><a href=\"https:\/\/sodrastation.org\/?page_id=496\"><br \/><\/a><\/p>\n<p><span style=\"font-weight: 400;\">De tv\u00e5 som \u00e4r ansvariga f\u00f6r st\u00e4dning av kuddrummet f\u00e5r ett matpass tillgodor\u00e4knat, mot att de d\u00e5 st\u00e4dar kuddrummet en g\u00e5ng varje m\u00e5nad. St\u00e4dning av kuddis inneb\u00e4r dammsugning och v\u00e5ttorkning av hela rummet, samt att kolla s\u00e5 att inte kuddarna \u00e4r ofr\u00e4scha. Om ett kuddfodral har blivit smutsigt s\u00e5 ska det tv\u00e4ttas s\u00e5 fort det g\u00e5r. Eftersom det inte generellt tar 2,5 timmar att st\u00e4da kuddis s\u00e5 g\u00e5r man sedan vidare och st\u00e4dar d\u00e4r det beh\u00f6vs, framf\u00f6rallt r\u00f6relserummet och TV-rum\/bibliotek.<\/span><\/p>\n<h2><span style=\"font-weight: 400;\">Musikrummet<\/span><\/h2>\n<p><span style=\"font-weight: 400;\">Allt som finns i musikrummet f\u00e5r anv\u00e4ndas, med f\u00f6rsiktighet. Barn f\u00e5r vara d\u00e4r i vuxens s\u00e4llskap, annars \u00e4r det 18-\u00e5rsgr\u00e4ns. Du f\u00e5r spela till kl. 20:00, d\u00e4refter st\u00f6r det dem som bor ovanf\u00f6r. Nyckeln till musikrummet kan l\u00e5nas av kontaktpersonen f\u00f6r kopiering efter \u00f6verenskommelse.<\/span><\/p>\n<h2><span style=\"font-weight: 400;\">M\u00e5larrummet<\/span><\/h2>\n<p><span style=\"font-weight: 400;\">Allt som finns h\u00e4r f\u00e5r anv\u00e4ndas. Var noga med att l\u00e4gga tillbaka allt p\u00e5 sin plats n\u00e4r du l\u00e4mnar rummet. Om du vill sk\u00e4nka material s\u00e5 kontakta kontaktpersonen f\u00f6r rummet. V\u00e4dra ordentligt n\u00e4r du m\u00e5lar med lackf\u00e4rger. H\u00e5ll rent och snyggt efter dig. F\u00f6rvaring av saker \u00e4r inte till\u00e5tet.<\/span><\/p>\n<h2><span style=\"font-weight: 400;\">R\u00f6relserummet\/Dansrummet<\/span><\/h2>\n<p><span style=\"font-weight: 400;\">Barn f\u00e5r leka med mjuka bollar. Lek och dans, yoga, pingis eller filmvisning \u00e4r exempel p\u00e5 andra verksamheter som \u00e4r v\u00e4lkomna i r\u00f6relserummet. Pingisrack och pingisbollar finns i en korg i syrummet, som ligger precis bredvid r\u00f6relserummet.\u00a0<\/span><\/p>\n<p><span style=\"font-size: revert;\">Om det blir mycket livligt kan takplattorna \u00e5ka runt. D\u00e5 f\u00e5r f\u00f6r\u00e4ldrarna h\u00e5lla koll. Kliv upp p\u00e5 en stol och l\u00e4gg plattorna p\u00e5 plats. Det g\u00e4ller \u00e4ven i kuddrummet.\u00a0<\/span><\/p>\n<p><span style=\"font-size: revert;\">Cyklar, sparkcyklar, skateboards, rullskridskor mm ska inte anv\u00e4ndas inomhus. Bara sm\u00e5barn p\u00e5 trehjuling och dylikt \u00e4r okej inomhus.<\/span><\/p>\n<h2><span style=\"font-weight: 400;\">Snickarrummet<\/span><\/h2>\n<p><span style=\"font-weight: 400;\">H\u00e4r f\u00e5r inte barn vistas utan vuxens s\u00e4llskap! Det \u00e4r allts\u00e5 18-\u00e5rsgr\u00e4ns. F\u00f6rvaring av m\u00f6bler \u00e4r inte till\u00e5tet. Alla projekt ska m\u00e4rkas med datum och \u00e4gare. Om\u00e4rkt ses som allm\u00e4nt virke. Den som anv\u00e4nder rummet st\u00e4dar efter sig. I snickarrummet beh\u00f6vs en kod till l\u00e5set f\u00f6r att l\u00e5na verktygen. Koden ges ut av den ansvarige f\u00f6r rummet.<\/span><\/p>\n<h2><span style=\"font-weight: 400;\">Syrummet:<\/span><\/h2>\n<p><span style=\"font-weight: 400;\">N\u00e4stan alla saker som finns i syrummet har vi f\u00e5tt av boende i <\/span><a href=\"http:\/\/mattbandet.se\/kollektivhusforeningen\/\"><span style=\"font-weight: 400;\">Brf M\u00e5ttbandet<\/span><\/a><span style=\"font-weight: 400;\">.<\/span><\/p>\n<p><span style=\"font-weight: 400;\">Skriv g\u00e4rna en rad i loggboken om n\u00e5got inte fungerar, om du har ett f\u00f6rslag eller bara vill ber\u00e4tta att du varit h\u00e4r.<\/span><a href=\"https:\/\/sodrastation.org\/?page_id=496\"><br \/><\/a><\/p>\n<p><span style=\"font-weight: 400;\">S\u00e5 h\u00e4r har vi t\u00e4nkt att det ska fungera, f\u00f6r att vi alla <\/span><span style=\"font-weight: 400;\">ska trivas<\/span><span style=\"font-weight: 400;\">:<\/span><\/p>\n<ul>\n<li style=\"font-weight: 400;\" aria-level=\"1\"><span style=\"font-weight: 400;\">L\u00e4gg syprojekt som du vill ha kvar i syrummet i en av l\u00e5dorna. S\u00e4tt namn p\u00e5 ditt projekt.<\/span><\/li>\n<li style=\"font-weight: 400;\" aria-level=\"1\"><span style=\"font-weight: 400;\">St\u00e4da undan efter dig. Det skall vara kul och lustfyllt att komma in och vara h\u00e4r. Sopa golvet innan du l\u00e4mnar rummet.<\/span><\/li>\n<li style=\"font-weight: 400;\" aria-level=\"1\"><span style=\"font-weight: 400;\">Tyger som du vill sk\u00e4nka \u00e4r v\u00e4lkomna. L\u00e4gg det i l\u00e5dorna som \u00e4r m\u00e4rkta f\u00f6r olika f\u00e4rger. St\u00f6rre tyger som inte f\u00e5r plats l\u00e4ggs h\u00f6gst upp i hyllorna ovanf\u00f6r maskinerna.<\/span><\/li>\n<li style=\"font-weight: 400;\" aria-level=\"1\"><span style=\"font-weight: 400;\">Tyger som ligger p\u00e5 annan plats \u00e4r till f\u00f6r projekt i kollektivhusf\u00f6reningen. Anv\u00e4nd dem inte.<\/span><\/li>\n<li style=\"font-weight: 400;\" aria-level=\"1\"><span style=\"font-weight: 400;\">Tyger som ligger i l\u00e5dorna och i hyllan ovanf\u00f6r maskinerna \u00e4r du v\u00e4lkommen att anv\u00e4nda. T\u00e4nk p\u00e5 att vara varsam med v\u00e5rt gemensamma. Klipp bitar s\u00e5 att s\u00e5 mycket som m\u00f6jligt blir kvar av tyget. D\u00e5 kan andra anv\u00e4nda resten.<\/span><\/li>\n<li style=\"font-weight: 400;\" aria-level=\"1\"><span style=\"font-weight: 400;\">Det finns tv\u00e5 strykbr\u00e4dor. Den ena \u00e4r avsedd f\u00f6r att styrka viseline med och har d\u00e4rf\u00f6r fl\u00e4ckar. V\u00e4lj r\u00e4tt br\u00e4da.<\/span><\/li>\n<li style=\"font-weight: 400;\" aria-level=\"1\"><span style=\"font-weight: 400;\">Vi har m\u00e5nga symaskiner. De som st\u00e5r framme fungerar b\u00e4st. De andra tas fram vid behov och tas undan efter\u00e5t.<\/span><\/li>\n<li style=\"font-weight: 400;\" aria-level=\"1\"><span style=\"font-weight: 400;\">L\u00e4gg saker i l\u00e5dorna d\u00e4r du tog dem.<\/span><\/li>\n<li style=\"font-weight: 400;\" aria-level=\"1\"><span style=\"font-weight: 400;\">Ibland har vi handarbetstr\u00e4ffar. Detta annonseras i Facebooken och med en lapp p\u00e5 d\u00f6rren.<\/span><\/li>\n<\/ul>\n<p><span style=\"font-weight: 400;\">Styrelsen anv\u00e4nder ocks\u00e5 detta rum f\u00f6r f\u00f6rvaring av protokoll och annat arbetsmaterial.<\/span><\/p>\n<h1><span style=\"font-weight: 400;\">\u00d6vriga lokaler i fastigheten<\/span><\/h1>\n<h2><span style=\"font-weight: 400;\">Bytesh\u00f6rnan<\/span><\/h2>\n<p><span style=\"font-weight: 400;\">I byteshyllorna utanf\u00f6r tv\u00e4ttstugan kan du l\u00e4gga s\u00e5dant du inte vill ha l\u00e4ngre, till exempel skor, barnkl\u00e4der, b\u00f6cker och leksaker. OBS! Endast hela och rena saker och kl\u00e4der. St\u00f6rre skrymmande m\u00f6bler bortsk\u00e4nkes med f\u00f6rdel via f\u00f6reningens facebook-grupp, och inte via bytesh\u00f6rnan.<\/span><\/p>\n<p><span style=\"font-weight: 400;\">L\u00e4ngst ner i trapphus 19 (Magnus Ladul\u00e5sgatan) finns en bastu, som \u00e4r gemensam f\u00f6r hela Brf M\u00e5ttbandet. Bastun bokar du genom att skriva upp dig p\u00e5 en lista utanf\u00f6r bastun. Bastun f\u00e5r endast bokas en g\u00e5ng i taget, tv\u00e5 timmar per g\u00e5ng. Skriv upp start- och sluttid samt namn och telefonnummer.\u00a0<\/span><\/p>\n<p><span style=\"font-weight: 400;\">Barn under 15 \u00e5r f\u00e5r inte vara i bastun utan vuxens s\u00e4llskap. Den som anv\u00e4nder bastun ansvarar f\u00f6r att st\u00e4da lokalerna och sl\u00e4nga soporna.<\/span><\/p>\n<h2><span style=\"font-weight: 400;\">Tv\u00e4ttstugan<\/span><\/h2>\n<p><span style=\"font-weight: 400;\">Tv\u00e4ttstugan \u00e4r <\/span><a href=\"http:\/\/mattbandet.se\/kollektivhusforeningen\/\"><span style=\"font-weight: 400;\">Brf M\u00e5ttbandets<\/span><\/a><span style=\"font-weight: 400;\"> ansvar, se <\/span><a href=\"https:\/\/mattbandet.se\/tvattstugan\/\"><span style=\"font-weight: 400;\">https:\/\/mattbandet.se\/tvattstugan\/<\/span><\/a><span style=\"font-weight: 400;\"> och d\u00e4r det st\u00e5r \u201cMedlemmarna i MB2 har \u00f6nskat och beslutat om s\u00e4rskilda regler f\u00f6r tv\u00e4ttstugan som ska g\u00e4lla f\u00f6r alla som bokar den. Tv\u00e4ttstugan \u00e4r \u00f6ppen under det bokade passet s\u00e5 fler \u00e4n den som bokat tv\u00e4ttiden kan komma in i tv\u00e4ttstugan. Om den som bokat tv\u00e4ttid inte b\u00f6rjat utnyttja maskinerna inom 30 minuter kan annan medlem anv\u00e4nda tv\u00e4ttiden.\u201d<\/span><\/p>\n<p><span style=\"font-weight: 400;\">Du bokar tv\u00e4ttpass med din l\u00e5sbricka utanf\u00f6r tv\u00e4ttstugan eller p\u00e5 M\u00e5ttbandets webbplats.<\/span><\/p>\n<p><span style=\"font-weight: 400;\">Ett tv\u00e4ttpass \u00e4r tv\u00e5 timmar plus en timmes \u00f6verlappning in p\u00e5 n\u00e4sta pass f\u00f6r torkning.<\/span><\/p>\n<p><span style=\"font-weight: 400;\">Notera att tv\u00e4ttstugan f\u00e5r anv\u00e4ndas kl. 7:00\u201322:00, inte till kl 23 som bostadsr\u00e4ttsf\u00f6reningens b\u00e5da andra tv\u00e4ttstugor eftersom det finns l\u00e4genheter direkt ovanf\u00f6r. Det sista passet blir d\u00e4rmed kortare, med tv\u00e4tt till kl. 21:00 och torktid till 22:00.<\/span><\/p>\n<p><span style=\"font-weight: 400;\">Det \u00e4r viktigt att alla st\u00e4dar efter sig i enlighet med de instruktioner som finns i tv\u00e4ttstugan, exempelvis reng\u00f6ra alla filter i torksk\u00e5p och torktumlare, se till att golv och b\u00e4nkar \u00e4r rena, reng\u00f6ra fack f\u00f6r tv\u00e4ttmedel och lufta dito genom att l\u00e5ta luckan vara \u00f6ppen<\/span><\/p>\n<p><span style=\"font-weight: 400;\">Respektera andras bokningar! Felanm\u00e4l trasiga maskiner till fastighetsf\u00f6rvaltaren.<\/span><\/p>\n<h1><span style=\"font-weight: 400;\">S\u00e5 funkar tv\u00e4ttstugan<\/span><\/h1>\n<p><span style=\"font-weight: 400;\">Om du har bokat en tid: S\u00e4tt din bricka mot symbolen, anv\u00e4nd pilknapparna och g\u00e5 ner till \u00d6ppna. Tryck p\u00e5 den gr\u00f6na knappen.<\/span><\/p>\n<p><span style=\"font-weight: 400;\">Om du bara \u00f6ppnar med din bricka och inte &gt;&gt;\u00f6ppna-knappen&lt;&lt;&lt; registreras det inte att du har tagit din tv\u00e4tt-tid och d\u00e5 riskerar du att n\u00e5gon annan tar tiden.<\/span><\/p>\n<h2><span style=\"font-weight: 400;\">Hur du aktiverar ditt bokade tv\u00e4ttstugepass<\/span><\/h2>\n<ol>\n<li style=\"font-weight: 400;\" aria-level=\"1\"><span style=\"font-weight: 400;\">L\u00e4gg brickan emot tavlan<\/span><\/li>\n<li style=\"font-weight: 400;\" aria-level=\"1\"><span style=\"font-weight: 400;\">Knappa dig ner med pilen<\/span><\/li>\n<li style=\"font-weight: 400;\" aria-level=\"1\"><span style=\"font-weight: 400;\">Tryck p\u00e5 gr\u00f6na knappen n\u00e4r du har en liten plupp framf\u00f6r \u00f6ppna rubriken<\/span><\/li>\n<li style=\"font-weight: 400;\" aria-level=\"1\"><span style=\"font-weight: 400;\">D\u00f6rren \u00f6ppnas och passet aktiveras<\/span><\/li>\n<\/ol>\n<p><span style=\"font-weight: 400;\">Lokalv\u00e5rd och reng\u00f6ring av denna tv\u00e4ttstuga utf\u00f6res av st\u00e4dfirma.<\/span><\/p>\n\n\n<p><\/p>\n","protected":false},"excerpt":{"rendered":"<p>Verksamhetsrummen Andra gemensamma rum i kollektivhusf\u00f6reningen \u00e4r kuddrummet f\u00f6r barn i korridoren, syrum\/konto, snickarrum och m\u00e5larrum. Hobbyrummen kommer du in i med nyckelbricka. Undantaget \u00e4r kuddrummet och musikrummet l\u00e4ngst ner i nr 19, som har egna nycklar. Kuddrummet Yngre barn har f\u00f6retr\u00e4de i anslutning till matsalstiderna (17:30\u201319:00). Lekarna ska anpassas till de mindre barnen, inga &hellip; <\/p>\n<p class=\"link-more\"><a href=\"https:\/\/sodrastation.org\/?page_id=482\" class=\"more-link\">Forts\u00e4tt l\u00e4sa<span class=\"screen-reader-text\"> \u201dVerksamhetsrummen och \u00f6vriga lokaler\u201d<\/span><\/a><\/p>\n","protected":false},"author":1,"featured_media":0,"parent":0,"menu_order":0,"comment_status":"closed","ping_status":"closed","template":"","meta":{"jetpack_post_was_ever_published":false,"footnotes":""},"class_list":["post-482","page","type-page","status-publish","hentry"],"jetpack_shortlink":"https:\/\/wp.me\/P4aZOx-7M","jetpack_sharing_enabled":true,"_links":{"self":[{"href":"https:\/\/sodrastation.org\/index.php?rest_route=\/wp\/v2\/pages\/482","targetHints":{"allow":["GET"]}}],"collection":[{"href":"https:\/\/sodrastation.org\/index.php?rest_route=\/wp\/v2\/pages"}],"about":[{"href":"https:\/\/sodrastation.org\/index.php?rest_route=\/wp\/v2\/types\/page"}],"author":[{"embeddable":true,"href":"https:\/\/sodrastation.org\/index.php?rest_route=\/wp\/v2\/users\/1"}],"replies":[{"embeddable":true,"href":"https:\/\/sodrastation.org\/index.php?rest_route=%2Fwp%2Fv2%2Fcomments&post=482"}],"version-history":[{"count":8,"href":"https:\/\/sodrastation.org\/index.php?rest_route=\/wp\/v2\/pages\/482\/revisions"}],"predecessor-version":[{"id":1363,"href":"https:\/\/sodrastation.org\/index.php?rest_route=\/wp\/v2\/pages\/482\/revisions\/1363"}],"wp:attachment":[{"href":"https:\/\/sodrastation.org\/index.php?rest_route=%2Fwp%2Fv2%2Fmedia&parent=482"}],"curies":[{"name":"wp","href":"https:\/\/api.w.org\/{rel}","templated":true}]}}