{"id":484,"date":"2018-05-19T22:54:34","date_gmt":"2018-05-19T22:54:34","guid":{"rendered":"http:\/\/sodrastation.org\/?page_id=484"},"modified":"2023-01-07T18:35:35","modified_gmt":"2023-01-07T18:35:35","slug":"snickarrummet","status":"publish","type":"page","link":"https:\/\/sodrastation.org\/?page_id=484","title":{"rendered":"Snickarrummet"},"content":{"rendered":"<p><span style=\"font-weight: 400;\">H\u00e4r f\u00e5r inte barn vistas utan vuxens s\u00e4llskap! Det \u00e4r allts\u00e5 18-\u00e5rsgr\u00e4ns. F\u00f6rvaring av m\u00f6bler \u00e4r inte till\u00e5tet. Alla projekt ska m\u00e4rkas med datum och \u00e4gare. Om\u00e4rkt ses som allm\u00e4nt virke. Den som anv\u00e4nder rummet st\u00e4dar efter sig. I snickarrummet beh\u00f6vs en kod till l\u00e5set f\u00f6r att l\u00e5na verktygen.<\/span><\/p>\n","protected":false},"excerpt":{"rendered":"<p>H\u00e4r f\u00e5r inte barn vistas utan vuxens s\u00e4llskap! Det \u00e4r allts\u00e5 18-\u00e5rsgr\u00e4ns. F\u00f6rvaring av m\u00f6bler \u00e4r inte till\u00e5tet. Alla projekt ska m\u00e4rkas med datum och \u00e4gare. Om\u00e4rkt ses som allm\u00e4nt virke. Den som anv\u00e4nder rummet st\u00e4dar efter sig. I snickarrummet beh\u00f6vs en kod till l\u00e5set f\u00f6r att l\u00e5na verktygen.<\/p>\n","protected":false},"author":1,"featured_media":152,"parent":0,"menu_order":0,"comment_status":"closed","ping_status":"closed","template":"","meta":{"footnotes":""},"class_list":["post-484","page","type-page","status-publish","has-post-thumbnail","hentry"],"jetpack_shortlink":"https:\/\/wp.me\/P4aZOx-7O","jetpack_sharing_enabled":true,"_links":{"self":[{"href":"https:\/\/sodrastation.org\/index.php?rest_route=\/wp\/v2\/pages\/484","targetHints":{"allow":["GET"]}}],"collection":[{"href":"https:\/\/sodrastation.org\/index.php?rest_route=\/wp\/v2\/pages"}],"about":[{"href":"https:\/\/sodrastation.org\/index.php?rest_route=\/wp\/v2\/types\/page"}],"author":[{"embeddable":true,"href":"https:\/\/sodrastation.org\/index.php?rest_route=\/wp\/v2\/users\/1"}],"replies":[{"embeddable":true,"href":"https:\/\/sodrastation.org\/index.php?rest_route=%2Fwp%2Fv2%2Fcomments&post=484"}],"version-history":[{"count":3,"href":"https:\/\/sodrastation.org\/index.php?rest_route=\/wp\/v2\/pages\/484\/revisions"}],"predecessor-version":[{"id":1190,"href":"https:\/\/sodrastation.org\/index.php?rest_route=\/wp\/v2\/pages\/484\/revisions\/1190"}],"wp:featuredmedia":[{"embeddable":true,"href":"https:\/\/sodrastation.org\/index.php?rest_route=\/wp\/v2\/media\/152"}],"wp:attachment":[{"href":"https:\/\/sodrastation.org\/index.php?rest_route=%2Fwp%2Fv2%2Fmedia&parent=484"}],"curies":[{"name":"wp","href":"https:\/\/api.w.org\/{rel}","templated":true}]}}