{"id":486,"date":"2018-05-19T22:54:49","date_gmt":"2018-05-19T22:54:49","guid":{"rendered":"http:\/\/sodrastation.org\/?page_id=486"},"modified":"2023-01-07T17:53:53","modified_gmt":"2023-01-07T17:53:53","slug":"malarrummet","status":"publish","type":"page","link":"https:\/\/sodrastation.org\/?page_id=486","title":{"rendered":"M\u00e5larrummet"},"content":{"rendered":"<div class=\"page\" title=\"Page 16\">\n<div class=\"section\">\n<div class=\"layoutArea\">\n<div class=\"column\">\n<p><span style=\"font-weight: 400;\">Allt som finns h\u00e4r f\u00e5r anv\u00e4ndas. Var noga med att l\u00e4gga tillbaka allt p\u00e5 sin plats n\u00e4r du l\u00e4mnar rummet. Om du vill sk\u00e4nka material s\u00e5 kontakta Sol. V\u00e4dra ordentligt n\u00e4r du m\u00e5lar med lackf\u00e4rger. H\u00e5ll rent och snyggt efter dig. F\u00f6rvaring av saker \u00e4r inte till\u00e5tet.<\/span><\/p>\n<\/div>\n<\/div>\n<\/div>\n<\/div>\n","protected":false},"excerpt":{"rendered":"<p>Allt som finns h\u00e4r f\u00e5r anv\u00e4ndas. Var noga med att l\u00e4gga tillbaka allt p\u00e5 sin plats n\u00e4r du l\u00e4mnar rummet. Om du vill sk\u00e4nka material s\u00e5 kontakta Sol. V\u00e4dra ordentligt n\u00e4r du m\u00e5lar med lackf\u00e4rger. H\u00e5ll rent och snyggt efter dig. F\u00f6rvaring av saker \u00e4r inte till\u00e5tet.<\/p>\n","protected":false},"author":1,"featured_media":150,"parent":0,"menu_order":0,"comment_status":"closed","ping_status":"closed","template":"","meta":{"jetpack_post_was_ever_published":false,"footnotes":""},"class_list":["post-486","page","type-page","status-publish","has-post-thumbnail","hentry"],"jetpack_shortlink":"https:\/\/wp.me\/P4aZOx-7Q","jetpack_sharing_enabled":true,"_links":{"self":[{"href":"https:\/\/sodrastation.org\/index.php?rest_route=\/wp\/v2\/pages\/486","targetHints":{"allow":["GET"]}}],"collection":[{"href":"https:\/\/sodrastation.org\/index.php?rest_route=\/wp\/v2\/pages"}],"about":[{"href":"https:\/\/sodrastation.org\/index.php?rest_route=\/wp\/v2\/types\/page"}],"author":[{"embeddable":true,"href":"https:\/\/sodrastation.org\/index.php?rest_route=\/wp\/v2\/users\/1"}],"replies":[{"embeddable":true,"href":"https:\/\/sodrastation.org\/index.php?rest_route=%2Fwp%2Fv2%2Fcomments&post=486"}],"version-history":[{"count":3,"href":"https:\/\/sodrastation.org\/index.php?rest_route=\/wp\/v2\/pages\/486\/revisions"}],"predecessor-version":[{"id":1166,"href":"https:\/\/sodrastation.org\/index.php?rest_route=\/wp\/v2\/pages\/486\/revisions\/1166"}],"wp:featuredmedia":[{"embeddable":true,"href":"https:\/\/sodrastation.org\/index.php?rest_route=\/wp\/v2\/media\/150"}],"wp:attachment":[{"href":"https:\/\/sodrastation.org\/index.php?rest_route=%2Fwp%2Fv2%2Fmedia&parent=486"}],"curies":[{"name":"wp","href":"https:\/\/api.w.org\/{rel}","templated":true}]}}