{"id":492,"date":"2018-05-19T22:55:36","date_gmt":"2018-05-19T22:55:36","guid":{"rendered":"http:\/\/sodrastation.org\/?page_id=492"},"modified":"2023-01-07T18:23:12","modified_gmt":"2023-01-07T18:23:12","slug":"rorelserummet","status":"publish","type":"page","link":"https:\/\/sodrastation.org\/?page_id=492","title":{"rendered":"R\u00f6relserummet\/Dansrummet"},"content":{"rendered":"<p><span style=\"font-weight: 400;\">Barn f\u00e5r leka med mjuka bollar. Lek och dans, yoga, pingis eller filmvisning \u00e4r exempel p\u00e5 andra verksamheter som \u00e4r v\u00e4lkomna i r\u00f6relserummet. Pingisrack och pingisbollar finns i en korg i syrummet, som ligger precis bredvid r\u00f6relserummet.\u00a0<\/span><\/p>\n<p><span style=\"font-weight: 400;\">Om det blir mycket livligt kan takplattorna \u00e5ka runt. D\u00e5 f\u00e5r f\u00f6r\u00e4ldrarna h\u00e5lla koll. Kliv upp p\u00e5 en stol och l\u00e4gg plattorna p\u00e5 plats. Det g\u00e4ller \u00e4ven i kuddrummet.\u00a0<\/span><\/p>\n<p><span style=\"font-weight: 400;\">Cyklar, sparkcyklar, skateboards, rullskridskor med mera f\u00e5r man \u00e5ka med utomhus. Bara sm\u00e5barn p\u00e5 trehjuling och dylikt \u00e4r okej inomhus.<\/span><\/p>\n<h1><span style=\"font-weight: 400;\">Att visa film i dansrummet<\/span><\/h1>\n<ol>\n<li style=\"font-weight: 400;\" aria-level=\"1\"><span style=\"font-weight: 400;\">H\u00e4mta projektorn fr\u00e5n hyllan i syrummet\/kontoret.<\/span><\/li>\n<li style=\"font-weight: 400;\" aria-level=\"1\"><span style=\"font-weight: 400;\">Skruva fast projektorn i takf\u00e4stet i R\u00f6ris\/dansrummet. Ta hj\u00e4lp av en stol eller stegen i snickarrummet.<\/span><\/li>\n<li style=\"font-weight: 400;\" aria-level=\"1\"><span style=\"font-weight: 400;\">Koppla in de tre sladdarna som h\u00e4nger fr\u00e5n taket vid takf\u00e4stet: Str\u00f6mkabeln (C13) i AC-IN, HDMI-kabeln i HDMI 2 och 3,5mm-kabeln i AUDIO OUT.<\/span><\/li>\n<li style=\"font-weight: 400;\" aria-level=\"1\"><span style=\"font-weight: 400;\">Sl\u00e5 p\u00e5 projektorn (Kolla att str\u00f6mkontakten sitter i v\u00e4gguttaget).<\/span><\/li>\n<li style=\"font-weight: 400;\" aria-level=\"1\"><span style=\"font-weight: 400;\">Sl\u00e5 p\u00e5 h\u00f6gtalarna med str\u00f6mbrytaren p\u00e5 en av de sm\u00e5 h\u00f6gtalarna. D\u00e4r justeras ocks\u00e5 volym. Bas justeras p\u00e5 den stora basl\u00e5dan (Kolla att str\u00f6mkontakten sitter i v\u00e4gguttaget).<\/span><\/li>\n<li style=\"font-weight: 400;\" aria-level=\"1\"><span style=\"font-weight: 400;\">Koppla in egen dator eller mobil i den svarta HDMI-kabeln vid elementr\u00f6ren. Eventuellt kan egen adapter beh\u00f6vas om enheten inte har n\u00e5gon HDMI-utg\u00e5ng. Om ingen bild visas s\u00e5 tryck p\u00e5 SOURCE p\u00e5 projektorn och v\u00e4lj HDMI 2.<\/span><\/li>\n<li style=\"font-weight: 400;\" aria-level=\"1\"><span style=\"font-weight: 400;\">V\u00e4lj vid behov p\u00e5 din dator\/mobil att ljudet ska skickas till projektorn (Benq)<\/span><\/li>\n<\/ol>\n<p><span style=\"font-weight: 400;\">Projektorn kan anv\u00e4ndas i andra rum i f\u00f6reningen, till exempel i matsalen, caf\u00e9et eller i rummet utanf\u00f6r bastun. D\u00e5 beh\u00f6vs egen h\u00f6gtalare, HDMI-kabel och en str\u00f6mkabel till projektorn (C13). I brist p\u00e5 vit v\u00e4gg finns ocks\u00e5 en projektorduk i syrummet\/kontoret.<\/span><\/p>\n<p><span style=\"font-weight: 400;\">Det finns m\u00e5nga inst\u00e4llningar f\u00f6r b\u00e5de ljud och bild i projektorn och i datorn\/mobilen. Fr\u00e5ga vid behov n\u00e5gon i huset om hj\u00e4lp.<\/span><\/p>\n","protected":false},"excerpt":{"rendered":"<p>Barn f\u00e5r leka med mjuka bollar. Lek och dans, yoga, pingis eller filmvisning \u00e4r exempel p\u00e5 andra verksamheter som \u00e4r v\u00e4lkomna i r\u00f6relserummet. Pingisrack och pingisbollar finns i en korg i syrummet, som ligger precis bredvid r\u00f6relserummet.\u00a0 Om det blir mycket livligt kan takplattorna \u00e5ka runt. D\u00e5 f\u00e5r f\u00f6r\u00e4ldrarna h\u00e5lla koll. Kliv upp p\u00e5 en &hellip; <\/p>\n<p class=\"link-more\"><a href=\"https:\/\/sodrastation.org\/?page_id=492\" class=\"more-link\">Forts\u00e4tt l\u00e4sa<span class=\"screen-reader-text\"> \u201dR\u00f6relserummet\/Dansrummet\u201d<\/span><\/a><\/p>\n","protected":false},"author":1,"featured_media":160,"parent":0,"menu_order":0,"comment_status":"closed","ping_status":"closed","template":"","meta":{"jetpack_post_was_ever_published":false,"footnotes":""},"class_list":["post-492","page","type-page","status-publish","has-post-thumbnail","hentry"],"jetpack_shortlink":"https:\/\/wp.me\/P4aZOx-7W","jetpack_sharing_enabled":true,"_links":{"self":[{"href":"https:\/\/sodrastation.org\/index.php?rest_route=\/wp\/v2\/pages\/492","targetHints":{"allow":["GET"]}}],"collection":[{"href":"https:\/\/sodrastation.org\/index.php?rest_route=\/wp\/v2\/pages"}],"about":[{"href":"https:\/\/sodrastation.org\/index.php?rest_route=\/wp\/v2\/types\/page"}],"author":[{"embeddable":true,"href":"https:\/\/sodrastation.org\/index.php?rest_route=\/wp\/v2\/users\/1"}],"replies":[{"embeddable":true,"href":"https:\/\/sodrastation.org\/index.php?rest_route=%2Fwp%2Fv2%2Fcomments&post=492"}],"version-history":[{"count":4,"href":"https:\/\/sodrastation.org\/index.php?rest_route=\/wp\/v2\/pages\/492\/revisions"}],"predecessor-version":[{"id":1180,"href":"https:\/\/sodrastation.org\/index.php?rest_route=\/wp\/v2\/pages\/492\/revisions\/1180"}],"wp:featuredmedia":[{"embeddable":true,"href":"https:\/\/sodrastation.org\/index.php?rest_route=\/wp\/v2\/media\/160"}],"wp:attachment":[{"href":"https:\/\/sodrastation.org\/index.php?rest_route=%2Fwp%2Fv2%2Fmedia&parent=492"}],"curies":[{"name":"wp","href":"https:\/\/api.w.org\/{rel}","templated":true}]}}