{"id":494,"date":"2018-05-19T22:55:55","date_gmt":"2018-05-19T22:55:55","guid":{"rendered":"http:\/\/sodrastation.org\/?page_id=494"},"modified":"2023-01-07T18:37:50","modified_gmt":"2023-01-07T18:37:50","slug":"staddagar","status":"publish","type":"page","link":"https:\/\/sodrastation.org\/?page_id=494","title":{"rendered":"Arbetsdagar"},"content":{"rendered":"\n<h1 class=\"wp-block-heading\"><\/h1>\n\n\n\n<p>Tv\u00e5 g\u00e5nger om \u00e5ret storst\u00e4dar medlemmarna i kollektivhusf\u00f6reningen de lokaler vi disponerar: en g\u00e5ng p\u00e5 v\u00e5ren och en p\u00e5 h\u00f6sten, p\u00e5 en l\u00f6rdag eller s\u00f6ndag.<\/p>\n\n\n\n<p>Styrelsen, eller av f\u00f6reningen utsedd person, arrangerar och s\u00e4tter upp ett schema med det som beh\u00f6ver st\u00e4das, som man sedan f\u00e5r skriva upp sig p\u00e5.&nbsp;<\/p>\n\n\n\n<p>Antingen v\u00e4ljer man att st\u00e4da tillsammans p\u00e5 den aktuella dagen, eller s\u00e5 tar du ditt st\u00e4dpass n\u00e4r du har m\u00f6jlighet under den aktuella veckan.&nbsp;<\/p>\n\n\n\n<p>Vi brukar starta med gemensam fika och avsluta med korvgrillning p\u00e5 g\u00e5rden.<\/p>\n","protected":false},"excerpt":{"rendered":"<p>Tv\u00e5 g\u00e5nger om \u00e5ret storst\u00e4dar medlemmarna i kollektivhusf\u00f6reningen de lokaler vi disponerar: en g\u00e5ng p\u00e5 v\u00e5ren och en p\u00e5 h\u00f6sten, p\u00e5 en l\u00f6rdag eller s\u00f6ndag. Styrelsen, eller av f\u00f6reningen utsedd person, arrangerar och s\u00e4tter upp ett schema med det som beh\u00f6ver st\u00e4das, som man sedan f\u00e5r skriva upp sig p\u00e5.&nbsp; Antingen v\u00e4ljer man att st\u00e4da &hellip; <\/p>\n<p class=\"link-more\"><a href=\"https:\/\/sodrastation.org\/?page_id=494\" class=\"more-link\">Forts\u00e4tt l\u00e4sa<span class=\"screen-reader-text\"> \u201dArbetsdagar\u201d<\/span><\/a><\/p>\n","protected":false},"author":1,"featured_media":0,"parent":0,"menu_order":0,"comment_status":"closed","ping_status":"closed","template":"","meta":{"jetpack_post_was_ever_published":false,"footnotes":""},"class_list":["post-494","page","type-page","status-publish","hentry"],"jetpack_shortlink":"https:\/\/wp.me\/P4aZOx-7Y","jetpack_sharing_enabled":true,"_links":{"self":[{"href":"https:\/\/sodrastation.org\/index.php?rest_route=\/wp\/v2\/pages\/494","targetHints":{"allow":["GET"]}}],"collection":[{"href":"https:\/\/sodrastation.org\/index.php?rest_route=\/wp\/v2\/pages"}],"about":[{"href":"https:\/\/sodrastation.org\/index.php?rest_route=\/wp\/v2\/types\/page"}],"author":[{"embeddable":true,"href":"https:\/\/sodrastation.org\/index.php?rest_route=\/wp\/v2\/users\/1"}],"replies":[{"embeddable":true,"href":"https:\/\/sodrastation.org\/index.php?rest_route=%2Fwp%2Fv2%2Fcomments&post=494"}],"version-history":[{"count":5,"href":"https:\/\/sodrastation.org\/index.php?rest_route=\/wp\/v2\/pages\/494\/revisions"}],"predecessor-version":[{"id":1283,"href":"https:\/\/sodrastation.org\/index.php?rest_route=\/wp\/v2\/pages\/494\/revisions\/1283"}],"wp:attachment":[{"href":"https:\/\/sodrastation.org\/index.php?rest_route=%2Fwp%2Fv2%2Fmedia&parent=494"}],"curies":[{"name":"wp","href":"https:\/\/api.w.org\/{rel}","templated":true}]}}