{"id":496,"date":"2018-05-19T22:57:06","date_gmt":"2018-05-19T22:57:06","guid":{"rendered":"http:\/\/sodrastation.org\/?page_id=496"},"modified":"2023-01-07T16:36:24","modified_gmt":"2023-01-07T16:36:24","slug":"byteshornan","status":"publish","type":"page","link":"https:\/\/sodrastation.org\/?page_id=496","title":{"rendered":"Bytesh\u00f6rnan"},"content":{"rendered":"<div class=\"page\" title=\"Page 17\">\n<div class=\"section\">\n<div class=\"layoutArea\">\n<div class=\"column\">\n<p><span style=\"font-weight: 400;\">I byteshyllorna utanf\u00f6r tv\u00e4ttstugan kan du l\u00e4gga s\u00e5dant du inte vill ha l\u00e4ngre, till exempel skor, barnkl\u00e4der, b\u00f6cker och leksaker. OBS! Endast hela och rena saker och kl\u00e4der.<\/span><\/p>\n<h1><span style=\"font-weight: 400;\">V\u00e4lkommen till bytesh\u00f6rnan!<\/span><\/h1>\n<ul>\n<li style=\"font-weight: 400;\" aria-level=\"1\"><span style=\"font-weight: 400;\">Skor och stolar p\u00e5 r\u00f6da st\u00e4llningen<\/span><\/li>\n<li style=\"font-weight: 400;\" aria-level=\"1\"><span style=\"font-weight: 400;\">B\u00f6cker, prylar, leksaker i n\u00e5gon av de vita hyllorna<\/span><\/li>\n<li style=\"font-weight: 400;\" aria-level=\"1\"><span style=\"font-weight: 400;\">Kl\u00e4der \u2013 det mesta kan ligga i l\u00e5dorna inne i tv\u00e4ttstugan<\/span><\/li>\n<li style=\"font-weight: 400;\" aria-level=\"1\"><span style=\"font-weight: 400;\">Kavajer, kl\u00e4nningar och dylikt p\u00e5 kl\u00e4dh\u00e4ngst\u00e4llningen<\/span><\/li>\n<li style=\"font-weight: 400;\" aria-level=\"1\"><span style=\"font-weight: 400;\">M\u00f6bler f\u00e5r st\u00e5 i h\u00f6rnan n\u00e5gra dagar och ska sedan tas bort av den som st\u00e4llt dit den<\/span><\/li>\n<li style=\"font-weight: 400;\" aria-level=\"1\"><span style=\"font-weight: 400;\">Inga prylar p\u00e5 golvet tack!<\/span><\/li>\n<\/ul>\n<h1><span style=\"font-weight: 400;\">S\u00e5 funkar bytesh\u00f6rnan<\/span><\/h1>\n<p><span style=\"font-weight: 400;\">Bytesh\u00f6rnan \u00e4r en gratisverksamhet. Vill man s\u00e4lja saker kan man g\u00f6ra det i Facebookgrupperna f\u00f6r <\/span><a href=\"https:\/\/www.facebook.com\/groups\/172254376131943\"><span style=\"font-weight: 400;\">kollektivhusf\u00f6reningen <\/span><\/a><span style=\"font-weight: 400;\">och <\/span><a href=\"https:\/\/www.facebook.com\/groups\/478969045455130\"><span style=\"font-weight: 400;\">Brf M\u00e5ttbandet <\/span><\/a><span style=\"font-weight: 400;\">eller med ett anslag h\u00e4r p\u00e5 anslagstavlan. S\u00e5 h\u00e4r g\u00f6r du med saker du vill l\u00e4mna.<\/span><\/p>\n<h2><span style=\"font-weight: 400;\">Saker och b\u00f6cker<\/span><\/h2>\n<p><span style=\"font-weight: 400;\">St\u00e4ll in i hyllan. Sprid s\u00e5 att man ser sakerna bra. St\u00e4ll \u00f6mt\u00e5liga eller vassa f\u00f6rem\u00e5l h\u00f6gt upp (s\u00e5 att barn inte n\u00e5r). St\u00e4ll i f\u00f6rsta hand saker inne i hyllans h\u00e5l och endast ovanp\u00e5 om det inte f\u00e5r plats. Det finns tv\u00e5 speciella fack f\u00f6r barnb\u00f6cker.<\/span><\/p>\n<h2><span style=\"font-weight: 400;\">Kl\u00e4der och skor<\/span><\/h2>\n<p><span style=\"font-weight: 400;\">Det finns kl\u00e4dst\u00e4nger f\u00f6r rena, hela kl\u00e4der. Barnkl\u00e4der kan man l\u00e4gga in i hyllan efter storlek, se efter storleksmarkeringar. Skor h\u00e4ngs p\u00e5 skost\u00e4llningen.<\/span><\/p>\n<h2><span style=\"font-weight: 400;\">Inredningsaker och sm\u00e5 m\u00f6bler<\/span><\/h2>\n<p><span style=\"font-weight: 400;\">St\u00e4ll dem snyggt i h\u00f6rnet. Om ingen vill ha dem \u2013 ta bort dem efter tre dagar.<\/span><\/p>\n<h2><span style=\"font-weight: 400;\">St\u00f6rre m\u00f6bler<\/span><\/h2>\n<p><span style=\"font-weight: 400;\">S\u00e4ngar, soffor och dylikt. G\u00f6r ett anslag och s\u00e4tt p\u00e5 anslagstavlan och\/eller skriv p\u00e5 <\/span><a href=\"https:\/\/www.facebook.com\/groups\/172254376131943\"><span style=\"font-weight: 400;\">Facebook<\/span><\/a><span style=\"font-weight: 400;\">.<\/span><\/p>\n<p><span style=\"font-weight: 400;\">M\u00f6bler och andra ting som \u00e4r s\u00e5 stora att de beh\u00f6ver st\u00e5 p\u00e5 golvet, f\u00e5r endast st\u00e4llas h\u00e4r veckan innan containern kommer. De ska sl\u00e4ngas av den ursprungliga \u00e4garen om ingen granne tagit hand om dem inom en vecka. Om ni vill bli av med stora saker resten av m\u00e5naden, s\u00e5 kan man alltid l\u00e4gga ut en bild p\u00e5 <\/span><a href=\"https:\/\/www.facebook.com\/groups\/478969045455130\"><span style=\"font-weight: 400;\">Brf M\u00e5ttbandets<\/span><\/a><span style=\"font-weight: 400;\"> eller <\/span><a href=\"https:\/\/www.facebook.com\/groups\/172254376131943\"><span style=\"font-weight: 400;\">kollektivhusf\u00f6reningens facebookgrupp<\/span><\/a><span style=\"font-weight: 400;\">.<\/span><\/p>\n<p><span style=\"font-weight: 400;\">T\u00e4nk p\u00e5 att inte st\u00e4lla m\u00f6bler s\u00e5 att de kan v\u00e4lta \u00f6ver barn eller s\u00e5 att barn kan kl\u00e4ttra p\u00e5 dem och trilla \u00f6ver r\u00e4cket.<\/span><\/p>\n<p><span style=\"font-weight: 400;\">P\u00e5 alla st\u00f6rre saker ska man f\u00e4sta en gul post-it-lapp med namn och datum! Lappar finns plastl\u00e5dan.<\/span><\/p>\n<p><span style=\"font-weight: 400;\">Om man vill ha en sak men inte har m\u00f6jlighet att ta hem den med en g\u00e5ng s\u00e5 skriver man en rosa lapp och s\u00e4tter p\u00e5 saken.<\/span><\/p>\n<ul>\n<li style=\"font-weight: 400;\" aria-level=\"1\"><span style=\"font-weight: 400;\">Om det \u00e4r fullt i hyllan f\u00e5r du inte st\u00e4lla hit fler saker.<\/span><\/li>\n<li style=\"font-weight: 400;\" aria-level=\"1\"><span style=\"font-weight: 400;\">Om du st\u00e4llt dit saker som ingen tagit, plocka bort dem efter ett tag.\u00a0<\/span><\/li>\n<li style=\"font-weight: 400;\" aria-level=\"1\"><span style=\"font-weight: 400;\">Om du hittar s\u00e5nt som \u00e4r trasigt s\u00e5 sl\u00e4ng det g\u00e4rna .<\/span><\/li>\n<\/ul>\n<h2><span style=\"font-weight: 400;\">Vad g\u00f6r man annars med saker man vill bli av med?<\/span><\/h2>\n<p><span style=\"font-weight: 400;\">Man kan sk\u00e4nka\/byta bort dem p\u00e5 Facebook, till exempel i grupperna: <\/span><a href=\"https:\/\/www.facebook.com\/groups\/salges\"><span style=\"font-weight: 400;\">Bortsk\u00e4nkes\/Bytes\/Mottages 08-omr\u00e5det<\/span><\/a><span style=\"font-weight: 400;\"> eller <\/span><a href=\"https:\/\/www.facebook.com\/groups\/1091519700870594\"><span style=\"font-weight: 400;\">Bortsk\u00e4nkes\/Bytes\/Mottages S\u00f6dermalm<\/span><\/a><span style=\"font-weight: 400;\">. .<\/span><\/p>\n<p><span style=\"font-weight: 400;\">Man kan l\u00e4mna till Myrorna. Sm\u00e5saker och kl\u00e4der kan man l\u00e4mna direkt butik p\u00e5 G\u00f6tgatan 79 eller Hornsgatan 96. I S\u00e4tra och Ropsten kan man l\u00e5na sl\u00e4pvagn gratis och k\u00f6ra st\u00f6rre saker till respektive g\u00e5vomottagning. Om man vill kan man ringa 020\u2013140 00 44 och be dem h\u00e4mta. L\u00e4s mer p\u00e5 <\/span><a href=\"http:\/\/www.myrorna.se\"><span style=\"font-weight: 400;\">www.myrorna.se<\/span><\/a><span style=\"font-weight: 400;\">\u00a0<\/span><\/p>\n<p><span style=\"font-weight: 400;\">Man kan l\u00e4mna till Stadsmissionen p\u00e5 liknande s\u00e4tt: 08\u2013684 234 10 eller <\/span><a href=\"http:\/\/www.stadsmissionen.se\"><span style=\"font-weight: 400;\">www.stadsmissionen.se<\/span><\/a><span style=\"font-weight: 400;\">.\u00a0<\/span><\/p>\n<h2><span style=\"font-weight: 400;\">&#8230;och om man ska sl\u00e4nga sakerna d\u00e5?<\/span><\/h2>\n<p><span style=\"font-weight: 400;\">Sm\u00e5 saker tar man till milj\u00f6stugan. Vi har tre stycken i bostadsr\u00e4ttsf\u00f6reningen. De \u00e4r \u00f6ppna mellan 06 och 22 och ligger p\u00e5 Magnus Ladul\u00e1sgatan 7, 13 och Timmermansgr\u00e4nd 1\u20133 (i g\u00e5ngen mellan). D\u00e4r kan man sortera och l\u00e4mna glas, plast, metall, tidningar, batterier, gl\u00f6dlampor, sm\u00e5elektronik etc. Allt som sl\u00e4ngs ska vara ihoppackat ordentligt.<\/span><\/p>\n<h3><span style=\"font-weight: 400;\">St\u00f6rre saker<\/span><\/h3>\n<p><span style=\"font-weight: 400;\">F\u00e5r man v\u00e4nta med tills containern kommer. Den brukar st\u00e4llas vid v\u00e4ndplanen utanf\u00f6r stora entr\u00e9n den sista fredagen varje m\u00e5nad och st\u00e5r d\u00e4r \u00f6ver helgen. Mer exakt info finns p\u00e5 <\/span><a href=\"http:\/\/www.mattbandet.se\"><span style=\"font-weight: 400;\">www.mattbandet.se<\/span><\/a><span style=\"font-weight: 400;\">.\u00a0<\/span><\/p>\n<h3><span style=\"font-weight: 400;\">J\u00e4ttestora saker<\/span><\/h3>\n<p><span style=\"font-weight: 400;\">Gamla k\u00f6ksinredningar, dubbels\u00e4ngar, soffgrupper et cetera fraktar man sj\u00e4lv till n\u00e5gon \u00e5tervinningscentral. H\u00e4r hittar du de som ligger n\u00e4rmast: <\/span><a href=\"https:\/\/www.stockholmvattenochavfall.se\/avc\"><span style=\"font-weight: 400;\">www.stockholmvattenochavfall.se\/avc<\/span><\/a><span style=\"font-weight: 400;\">\u00a0<\/span><\/p>\n<h3><span style=\"font-weight: 400;\">Milj\u00f6farligt avfall<\/span><\/h3>\n<p><span style=\"font-weight: 400;\">F\u00e4rgburkar, l\u00f6sningsmedel, oljor et cetera tar man antingen till n\u00e5gon av v\u00e5ra n\u00e4rmaste \u00e5tervinningscentraler eller till den Mobila Milj\u00f6stationen. <\/span><a href=\"http:\/\/www.stockholmvattenochavfall.se\/om-oss\/vara-kontor-och-anlaggningar\/miljostationer\/\"><span style=\"font-weight: 400;\">www.stockholmvattenochavfall.se \u203a miljostationer\u00a0<\/span><\/a><\/p>\n<p><span style=\"font-weight: 400;\">Mobila Milj\u00f6stationen \u00e4r en lastbil som gratis samlar in milj\u00f6farligt avfall enligt turlista som finns p\u00e5 stockholm.se. N\u00e4rmast oss stannar den p\u00e5 Rosenlundsgatan 56.<\/span><\/p>\n<p><span style=\"font-weight: 400;\">Om man vill hyra bil, sk\u00e5pbil eller sl\u00e4pvagn s\u00e5 \u00e4r det h\u00e4r n\u00e5gra st\u00e4llen som ligger n\u00e4ra oss:<\/span><\/p>\n<ul>\n<li style=\"font-weight: 400;\" aria-level=\"1\"><span style=\"font-weight: 400;\">OKQ8, Katarinav\u00e4gen 16 vid Slussen, <\/span><a href=\"http:\/\/www.okq8.se\"><span style=\"font-weight: 400;\">www.okq8.se<\/span><\/a><span style=\"font-weight: 400;\">, 08\u2013714 83 53<\/span><\/li>\n<li style=\"font-weight: 400;\" aria-level=\"1\"><span style=\"font-weight: 400;\">Berras biluthyrning, G\u00f6tgatan 98, <\/span><a href=\"http:\/\/www.berrasbiluthyrning.se\"><span style=\"font-weight: 400;\">www.berrasbiluthyrning.se<\/span><\/a><span style=\"font-weight: 400;\">, 08\u2013442 77 80<\/span><\/li>\n<li style=\"font-weight: 400;\" aria-level=\"1\"><a style=\"font-size: revert;\" href=\"http:\/\/www.flexidrive.se\"><span>www.flexidrive.se<\/span><\/a><span style=\"font-weight: 400;\">, en n\u00e4ttj\u00e4nst d\u00e4r man kan hyra bilar av andra privatpersoner i n\u00e4rheten.<\/span><\/li>\n<\/ul>\n<\/div>\n<\/div>\n<\/div>\n<\/div>\n","protected":false},"excerpt":{"rendered":"<p>I byteshyllorna utanf\u00f6r tv\u00e4ttstugan kan du l\u00e4gga s\u00e5dant du inte vill ha l\u00e4ngre, till exempel skor, barnkl\u00e4der, b\u00f6cker och leksaker. OBS! Endast hela och rena saker och kl\u00e4der. V\u00e4lkommen till bytesh\u00f6rnan! Skor och stolar p\u00e5 r\u00f6da st\u00e4llningen B\u00f6cker, prylar, leksaker i n\u00e5gon av de vita hyllorna Kl\u00e4der \u2013 det mesta kan ligga i l\u00e5dorna inne &hellip; <\/p>\n<p class=\"link-more\"><a href=\"https:\/\/sodrastation.org\/?page_id=496\" class=\"more-link\">Forts\u00e4tt l\u00e4sa<span class=\"screen-reader-text\"> \u201dBytesh\u00f6rnan\u201d<\/span><\/a><\/p>\n","protected":false},"author":1,"featured_media":0,"parent":0,"menu_order":0,"comment_status":"closed","ping_status":"closed","template":"","meta":{"jetpack_post_was_ever_published":false,"footnotes":""},"class_list":["post-496","page","type-page","status-publish","hentry"],"jetpack_shortlink":"https:\/\/wp.me\/P4aZOx-80","jetpack_sharing_enabled":true,"_links":{"self":[{"href":"https:\/\/sodrastation.org\/index.php?rest_route=\/wp\/v2\/pages\/496","targetHints":{"allow":["GET"]}}],"collection":[{"href":"https:\/\/sodrastation.org\/index.php?rest_route=\/wp\/v2\/pages"}],"about":[{"href":"https:\/\/sodrastation.org\/index.php?rest_route=\/wp\/v2\/types\/page"}],"author":[{"embeddable":true,"href":"https:\/\/sodrastation.org\/index.php?rest_route=\/wp\/v2\/users\/1"}],"replies":[{"embeddable":true,"href":"https:\/\/sodrastation.org\/index.php?rest_route=%2Fwp%2Fv2%2Fcomments&post=496"}],"version-history":[{"count":4,"href":"https:\/\/sodrastation.org\/index.php?rest_route=\/wp\/v2\/pages\/496\/revisions"}],"predecessor-version":[{"id":1284,"href":"https:\/\/sodrastation.org\/index.php?rest_route=\/wp\/v2\/pages\/496\/revisions\/1284"}],"wp:attachment":[{"href":"https:\/\/sodrastation.org\/index.php?rest_route=%2Fwp%2Fv2%2Fmedia&parent=496"}],"curies":[{"name":"wp","href":"https:\/\/api.w.org\/{rel}","templated":true}]}}