{"id":602,"date":"2018-05-22T05:37:47","date_gmt":"2018-05-22T05:37:47","guid":{"rendered":"http:\/\/sodrastation.org\/?page_id=602"},"modified":"2023-01-07T17:18:44","modified_gmt":"2023-01-07T17:18:44","slug":"kontoret","status":"publish","type":"page","link":"https:\/\/sodrastation.org\/?page_id=602","title":{"rendered":"Syrummet\/Kontoret"},"content":{"rendered":"<p><span style=\"font-weight: 400;\">N\u00e4stan alla saker som finns i syrummet har vi f\u00e5tt av boende i <\/span><a href=\"http:\/\/mattbandet.se\/kollektivhusforeningen\/\"><span style=\"font-weight: 400;\">Brf M\u00e5ttbandet<\/span><\/a><span style=\"font-weight: 400;\">.<\/span><\/p>\n<p><span style=\"font-weight: 400;\">Skriv g\u00e4rna en rad i loggboken om n\u00e5got inte fungerar, om du har ett f\u00f6rslag eller bara vill ber\u00e4tta att du varit h\u00e4r.<\/span><\/p>\n<p><span style=\"font-weight: 400;\">S\u00e5 h\u00e4r har vi t\u00e4nkt att det ska fungera, f\u00f6r att vi alla <\/span><span style=\"font-weight: 400;\">ska trivas<\/span><span style=\"font-weight: 400;\">:<\/span><\/p>\n<ul>\n<li style=\"font-weight: 400;\" aria-level=\"1\"><span style=\"font-weight: 400;\">L\u00e4gg syprojekt som du vill ha kvar i syrummet i en av l\u00e5dorna. S\u00e4tt namn p\u00e5 ditt projekt.<\/span><\/li>\n<li style=\"font-weight: 400;\" aria-level=\"1\"><span style=\"font-weight: 400;\">St\u00e4da undan efter dig. Det skall vara kul och lustfyllt att komma in och vara h\u00e4r. Sopa golvet innan du l\u00e4mnar rummet.<\/span><\/li>\n<li style=\"font-weight: 400;\" aria-level=\"1\"><span style=\"font-weight: 400;\">Tyger som du vill sk\u00e4nka \u00e4r v\u00e4lkomna. L\u00e4gg det i l\u00e5dorna som \u00e4r m\u00e4rkta f\u00f6r olika f\u00e4rger. St\u00f6rre tyger som inte f\u00e5r plats l\u00e4ggs h\u00f6gst upp i hyllorna ovanf\u00f6r maskinerna.<\/span><\/li>\n<li style=\"font-weight: 400;\" aria-level=\"1\"><span style=\"font-weight: 400;\">Tyger som ligger p\u00e5 annan plats \u00e4r till f\u00f6r projekt i kollektivhusf\u00f6reningen. Anv\u00e4nd dem inte.<\/span><\/li>\n<li style=\"font-weight: 400;\" aria-level=\"1\"><span style=\"font-weight: 400;\">Tyger som ligger i l\u00e5dorna och i hyllan ovanf\u00f6r maskinerna \u00e4r du v\u00e4lkommen att anv\u00e4nda. T\u00e4nk p\u00e5 att vara varsam med v\u00e5rt gemensamma. Klipp bitar s\u00e5 att s\u00e5 mycket som m\u00f6jligt blir kvar av tyget. D\u00e5 kan andra anv\u00e4nda resten.<\/span><\/li>\n<li style=\"font-weight: 400;\" aria-level=\"1\"><span style=\"font-weight: 400;\">Det finns tv\u00e5 strykbr\u00e4dor. Den ena \u00e4r avsedd f\u00f6r att styrka viseline med och har d\u00e4rf\u00f6r fl\u00e4ckar. V\u00e4lj r\u00e4tt br\u00e4da.<\/span><\/li>\n<li style=\"font-weight: 400;\" aria-level=\"1\"><span style=\"font-weight: 400;\">Vi har m\u00e5nga symaskiner. De som st\u00e5r framme fungerar b\u00e4st. De andra tas fram vid behov och tas undan efter\u00e5t.<\/span><\/li>\n<li style=\"font-weight: 400;\" aria-level=\"1\"><span style=\"font-weight: 400;\">L\u00e4gg saker i l\u00e5dorna d\u00e4r du tog dem.<\/span><\/li>\n<li style=\"font-weight: 400;\" aria-level=\"1\"><span style=\"font-weight: 400;\">Ibland har vi handarbetstr\u00e4ffar. Detta annonseras i Facebooken och med en lapp p\u00e5 d\u00f6rren.<\/span><\/li>\n<\/ul>\n<p><span style=\"font-weight: 400;\">Styrelsen anv\u00e4nder ocks\u00e5 detta rum f\u00f6r f\u00f6rvaring av protokoll och annat arbetsmaterial. <\/span><\/p>\n","protected":false},"excerpt":{"rendered":"<p>N\u00e4stan alla saker som finns i syrummet har vi f\u00e5tt av boende i Brf M\u00e5ttbandet. Skriv g\u00e4rna en rad i loggboken om n\u00e5got inte fungerar, om du har ett f\u00f6rslag eller bara vill ber\u00e4tta att du varit h\u00e4r. S\u00e5 h\u00e4r har vi t\u00e4nkt att det ska fungera, f\u00f6r att vi alla ska trivas: L\u00e4gg syprojekt &hellip; <\/p>\n<p class=\"link-more\"><a href=\"https:\/\/sodrastation.org\/?page_id=602\" class=\"more-link\">Forts\u00e4tt l\u00e4sa<span class=\"screen-reader-text\"> \u201dSyrummet\/Kontoret\u201d<\/span><\/a><\/p>\n","protected":false},"author":1,"featured_media":0,"parent":0,"menu_order":0,"comment_status":"closed","ping_status":"closed","template":"","meta":{"jetpack_post_was_ever_published":false,"footnotes":""},"class_list":["post-602","page","type-page","status-publish","hentry"],"jetpack_shortlink":"https:\/\/wp.me\/P4aZOx-9I","jetpack_sharing_enabled":true,"_links":{"self":[{"href":"https:\/\/sodrastation.org\/index.php?rest_route=\/wp\/v2\/pages\/602","targetHints":{"allow":["GET"]}}],"collection":[{"href":"https:\/\/sodrastation.org\/index.php?rest_route=\/wp\/v2\/pages"}],"about":[{"href":"https:\/\/sodrastation.org\/index.php?rest_route=\/wp\/v2\/types\/page"}],"author":[{"embeddable":true,"href":"https:\/\/sodrastation.org\/index.php?rest_route=\/wp\/v2\/users\/1"}],"replies":[{"embeddable":true,"href":"https:\/\/sodrastation.org\/index.php?rest_route=%2Fwp%2Fv2%2Fcomments&post=602"}],"version-history":[{"count":2,"href":"https:\/\/sodrastation.org\/index.php?rest_route=\/wp\/v2\/pages\/602\/revisions"}],"predecessor-version":[{"id":1160,"href":"https:\/\/sodrastation.org\/index.php?rest_route=\/wp\/v2\/pages\/602\/revisions\/1160"}],"wp:attachment":[{"href":"https:\/\/sodrastation.org\/index.php?rest_route=%2Fwp%2Fv2%2Fmedia&parent=602"}],"curies":[{"name":"wp","href":"https:\/\/api.w.org\/{rel}","templated":true}]}}